{"id":3500,"date":"2025-05-13T17:37:29","date_gmt":"2025-05-13T15:37:29","guid":{"rendered":"https:\/\/coachingtosuccess.si\/?post_type=product&#038;p=3500"},"modified":"2025-11-03T09:09:34","modified_gmt":"2025-11-03T08:09:34","slug":"usklajeni-navznoter-vidni-navzven","status":"publish","type":"product","link":"https:\/\/coachingtosuccess.si\/en\/izdelek\/usklajeni-navznoter-vidni-navzven\/","title":{"rendered":"Usklajeni navznoter, vidni navzven: Intuitivna mo\u010d vodenja &#8211; od sebe k drugim"},"content":{"rendered":"<p>\ud83d\udca5EKSKLUZIVNO\ud83d\udca5<\/p>\n<p><strong>\ud83d\udca5KNJIGA NI NAPRODAJ &#8211; je DARILO ZA POSEBNE LJUDI. \u010ce jo \u017eelite prejeti, pridite na katerega od brezpla\u010dnih dogodkov obeh avtoric. Termine dogodkov spremljajte na www.insights.si \ud83d\udca5<\/strong><\/p>\n<p>Ve\u010d o knjigi:<\/p>\n<p>V hrupnem svetu in divjem tempu, postaja najdragocenej\u0161a ve\u0161\u010dina \u2013 <strong>prisotnost<\/strong>.<br \/>\nTa knjiga je zasnovana za tiste, ki \u017eelijo voditi z zavedanjem, delovati iz usklajenosti in ustvarjati spremembe, ki temeljijo na notranji jasnosti.<\/p>\n<p>Skozi preplet osebnih zgodb, prakti\u010dnih primerov iz coachin\u0161ke prakse, reflektivnih vpra\u0161anj in ustvarjalnih vaj, vas avtorici vodita od uvida do kreacije.<\/p>\n<p><strong>Voditeljstvo nove dobe ni funkcija. Je na\u010din bivanja.<\/strong><\/p>\n<p><strong>mag. Natalie Cvikl Postru\u017enik<\/strong><br \/>\nCoachinja, mentorica, ustanoviteljica portala Navdihni.me. Njeno delo temelji na intuitivnem pristopu, prisotnosti, empatiji in globoki povezavi z naravo ter \u017eivalmi. Skozi leta je razvila edinstven na\u010din coachinga, ki preobra\u017ea ljudi od znotraj navzven.<\/p>\n<p><strong>Mirela Smaji\u0107<\/strong><br \/>\nUrednica, mentorica in promotorka zgodb, ki zdravijo. Z ve\u010d kot 30-letnimi izku\u0161njami v knji\u017enem svetu povezuje ustvarjalnost, notranje ritme in pisanje kot orodje preobrazbe. Pomaga avtorjem, da izrazijo svojo avtenti\u010dno zgodbo in jo delijo s svetom ter pustijo trajen pe\u010dat.<\/p>\n<p>Skupaj ustvarjata prostor, kjer <strong>voditeljstvo postane pot nazaj k sebi<\/strong>.<\/p>\n<p>Vodeni od znotraj. Vplivni navzven.<\/p>\n<p><em>Knjiga za vse, ki \u017eelijo \u017eiveti sr\u010dno, zavestno in ustvarjalno.<\/em><\/p>\n<ul>\n<li>Ste voditelji, ki \u017eelijo delovati iz srca \u2013 ne iz pritiska?<\/li>\n<li>Ustvarjalci ali podjetniki, ki vedo, da prava preobrazba prihaja od znotraj?<\/li>\n<li>Coachi, mentorji ali avtorji, ki \u010dutijo, da je \u010das za nov na\u010din vodenja \u2013 zavesten, avtenti\u010den, globoko povezan?<\/li>\n<\/ul>\n<p>Ta knjiga je za vas!<\/p>\n<p>V njej se prepletajo osebni uvidi, primeri iz prakse, orodja za preobrazbo in navdih za vse, ki stopajo na pot zavestnega vodenja \u2013 najprej sebe, nato drugih.<\/p>\n<p>V knjigi najdete:<\/p>\n<ul>\n<li>Intuitivna in energijska orodja iz prakse.<\/li>\n<li>Reflektivna vpra\u0161anja in vaje za osebno in poslovno rast.<\/li>\n<li>Navdih za pisanje, vodenje in izra\u017eanje iz svoje resnice.<\/li>\n<li>Konkretne primere coachinga z \u017eivalmi, naravo in v podjetni\u0161kih okoljih<\/li>\n<\/ul>\n<p><em>Pridru\u017eite se gibanju novih voditeljic in voditeljev \u2013 ki vodijo iz notranje usklajenosti, z vizijo in sr\u010dnimi cilji.<\/em><\/p>\n<p>\ud83d\udca5<strong>KNJIGA NI NAPRODAJ &#8211; je DARILO ZA POSEBNE LJUDI. \u010ce jo \u017eelite prejeti, pridite na katerega od brezpla\u010dnih dogodkov obeh avtoric. Termine dogodkov spremljajte na www.insights.si \ud83d\udca5<\/strong><\/p>\n","protected":false},"excerpt":{"rendered":"<p>\ud83d\udca5KNJIGA NI NAPRODAJ &#8211; je DARILO ZA POSEBNE LJUDI. \u010ce jo \u017eelite prejeti, pridite na katerega od brezpla\u010dnih dogodkov obeh avtoric. Termine dogodkov spremljajte na www.insights.si \ud83d\udca5<\/p>\n<p>V hrupnem svetu in divjem tempu, postaja najdragocenej\u0161a ve\u0161\u010dina \u2013 <strong>prisotnost<\/strong>.<br \/>\nTa knjiga je zasnovana za tiste, ki \u017eelijo voditi z zavedanjem, delovati iz usklajenosti in ustvarjati spremembe, ki temeljijo na notranji jasnosti.<\/p>\n<p>Skozi preplet osebnih zgodb, prakti\u010dnih primerov iz coachin\u0161ke prakse, reflektivnih vpra\u0161anj in ustvarjalnih vaj, vas avtorici vodita od uvida do kreacije.<\/p>\n<p><strong>Voditeljstvo nove dobe ni funkcija. Je na\u010din bivanja.<\/strong><\/p>\n<p>\ud83d\udca5KNJIGA NI NAPRODAJ &#8211; je DARILO ZA POSEBNE LJUDI. \u010ce jo \u017eelite prejeti, pridite na katerega od brezpla\u010dnih dogodkov obeh avtoric. Termine dogodkov spremljajte na www.insights.si \ud83d\udca5<\/p>\n","protected":false},"featured_media":3507,"comment_status":"open","ping_status":"closed","template":"","meta":{"site-sidebar-layout":"default","site-content-layout":"default","ast-site-content-layout":"default","site-content-style":"default","site-sidebar-style":"default","ast-global-header-display":"","ast-banner-title-visibility":"","ast-main-header-display":"","ast-hfb-above-header-display":"","ast-hfb-below-header-display":"","ast-hfb-mobile-header-display":"","site-post-title":"","ast-breadcrumbs-content":"","ast-featured-img":"","footer-sml-layout":"","ast-disable-related-posts":"","theme-transparent-header-meta":"default","adv-header-id-meta":"","stick-header-meta":"default","header-above-stick-meta":"","header-main-stick-meta":"","header-below-stick-meta":"","astra-migrate-meta-layouts":"set","ast-page-background-enabled":"default","ast-page-background-meta":{"desktop":{"background-color":"","background-image":"","background-repeat":"repeat","background-position":"center center","background-size":"auto","background-attachment":"scroll","background-type":"","background-media":"","overlay-type":"","overlay-color":"","overlay-opacity":"","overlay-gradient":""},"tablet":{"background-color":"","background-image":"","background-repeat":"repeat","background-position":"center center","background-size":"auto","background-attachment":"scroll","background-type":"","background-media":"","overlay-type":"","overlay-color":"","overlay-opacity":"","overlay-gradient":""},"mobile":{"background-color":"","background-image":"","background-repeat":"repeat","background-position":"center center","background-size":"auto","background-attachment":"scroll","background-type":"","background-media":"","overlay-type":"","overlay-color":"","overlay-opacity":"","overlay-gradient":""}},"ast-content-background-meta":{"desktop":{"background-color":"var(--ast-global-color-5)","background-image":"","background-repeat":"repeat","background-position":"center center","background-size":"auto","background-attachment":"scroll","background-type":"","background-media":"","overlay-type":"","overlay-color":"","overlay-opacity":"","overlay-gradient":""},"tablet":{"background-color":"var(--ast-global-color-5)","background-image":"","background-repeat":"repeat","background-position":"center center","background-size":"auto","background-attachment":"scroll","background-type":"","background-media":"","overlay-type":"","overlay-color":"","overlay-opacity":"","overlay-gradient":""},"mobile":{"background-color":"var(--ast-global-color-5)","background-image":"","background-repeat":"repeat","background-position":"center center","background-size":"auto","background-attachment":"scroll","background-type":"","background-media":"","overlay-type":"","overlay-color":"","overlay-opacity":"","overlay-gradient":""}}},"product_brand":[],"product_cat":[22],"product_tag":[46,94,41,91,95,79,40,43,42,44,93,92,45],"class_list":{"0":"post-3500","1":"product","2":"type-product","3":"status-publish","4":"has-post-thumbnail","6":"product_cat-knjige","7":"product_tag-insights-d-o-o","8":"product_tag-intuicija","9":"product_tag-knjiga","10":"product_tag-mirela-smajic","11":"product_tag-moc","12":"product_tag-natalie-cvikl-postruznik","13":"product_tag-navdihni-me","14":"product_tag-navdihujoce-zgodbe","15":"product_tag-osebnostna-rast","16":"product_tag-resnicne-zgodbe","17":"product_tag-voditeljstvo","18":"product_tag-voditeljstvo-nove-dobe","19":"product_tag-zgodbe-ljudi-za-ljudi","20":"desktop-align-left","21":"tablet-align-left","22":"mobile-align-left","23":"ast-product-gallery-layout-horizontal-slider","24":"ast-product-gallery-with-no-image","25":"ast-product-tabs-layout-horizontal","27":"first","28":"instock","29":"sold-individually","30":"taxable","31":"shipping-taxable","32":"product-type-simple"},"_links":{"self":[{"href":"https:\/\/coachingtosuccess.si\/en\/wp-json\/wp\/v2\/product\/3500","targetHints":{"allow":["GET"]}}],"collection":[{"href":"https:\/\/coachingtosuccess.si\/en\/wp-json\/wp\/v2\/product"}],"about":[{"href":"https:\/\/coachingtosuccess.si\/en\/wp-json\/wp\/v2\/types\/product"}],"replies":[{"embeddable":true,"href":"https:\/\/coachingtosuccess.si\/en\/wp-json\/wp\/v2\/comments?post=3500"}],"wp:featuredmedia":[{"embeddable":true,"href":"https:\/\/coachingtosuccess.si\/en\/wp-json\/wp\/v2\/media\/3507"}],"wp:attachment":[{"href":"https:\/\/coachingtosuccess.si\/en\/wp-json\/wp\/v2\/media?parent=3500"}],"wp:term":[{"taxonomy":"product_brand","embeddable":true,"href":"https:\/\/coachingtosuccess.si\/en\/wp-json\/wp\/v2\/product_brand?post=3500"},{"taxonomy":"product_cat","embeddable":true,"href":"https:\/\/coachingtosuccess.si\/en\/wp-json\/wp\/v2\/product_cat?post=3500"},{"taxonomy":"product_tag","embeddable":true,"href":"https:\/\/coachingtosuccess.si\/en\/wp-json\/wp\/v2\/product_tag?post=3500"}],"curies":[{"name":"wp","href":"https:\/\/api.w.org\/{rel}","templated":true}]}}