{"id":3446,"date":"2023-11-09T09:50:39","date_gmt":"2023-11-09T08:50:39","guid":{"rendered":"https:\/\/coachingtosuccess.si\/?post_type=product&#038;p=3446"},"modified":"2025-05-13T17:36:31","modified_gmt":"2025-05-13T15:36:31","slug":"t-navdihni-me-oktober-december-2023","status":"publish","type":"product","link":"https:\/\/coachingtosuccess.si\/en\/izdelek\/t-navdihni-me-oktober-december-2023\/","title":{"rendered":"Tiskana revija Navdihni.me oktober december 2023"},"content":{"rendered":"<h3>NAVDIHNI.ME<\/h3>\n<p>Pred nami je ponovno zbir navdihujo\u010dih zgodb. V tej \u0161tevilki predstavljamo nove zgodbe<b class=\"\">: Angelina Zatezalo, Eugen Kozjak, Nata\u0161a Grah, Mateja \u010cre\u0161nar, Rok Kralj, Natalie Cvikl Postru\u017enik, Martin Beli\u010d in Toma\u017e Bole, Ana Gruden, Mirel Knez, Uro\u0161 Ko\u0161\u010dak, dr. Elma Tataragi\u0107, Danaja Postru\u017enik, Anton Krepek, Tara Rubini\u0107,\u00a0<\/b> &#8230; prina\u0161ajo svoje uvide, navdihe, spodbudo &#8230;<\/p>\n<p>Naro\u010dite revijo in jo prejmite na svoj naslov. Obseg: 76 strani. Revija je dimenzij: 216 x 280 mm, papir brezlesni. Platnice 300 g, notranji listi 140g. <b class=\"\"><\/b><\/p>\n<p><img fetchpriority=\"high\" decoding=\"async\" class=\"alignnone size-medium wp-image-3451\" src=\"https:\/\/coachingtosuccess.si\/wp-content\/uploads\/2023\/11\/Naslovnica-Navdihni-me-okt-dec-2023-232x300.jpg\" alt=\"\" width=\"232\" height=\"300\" srcset=\"https:\/\/coachingtosuccess.si\/wp-content\/uploads\/2023\/11\/Naslovnica-Navdihni-me-okt-dec-2023-232x300.jpg 232w, https:\/\/coachingtosuccess.si\/wp-content\/uploads\/2023\/11\/Naslovnica-Navdihni-me-okt-dec-2023-791x1024.jpg 791w, https:\/\/coachingtosuccess.si\/wp-content\/uploads\/2023\/11\/Naslovnica-Navdihni-me-okt-dec-2023-768x994.jpg 768w, https:\/\/coachingtosuccess.si\/wp-content\/uploads\/2023\/11\/Naslovnica-Navdihni-me-okt-dec-2023-1187x1536.jpg 1187w, https:\/\/coachingtosuccess.si\/wp-content\/uploads\/2023\/11\/Naslovnica-Navdihni-me-okt-dec-2023-600x777.jpg 600w, https:\/\/coachingtosuccess.si\/wp-content\/uploads\/2023\/11\/Naslovnica-Navdihni-me-okt-dec-2023.jpg 1545w\" sizes=\"(max-width: 232px) 100vw, 232px\" \/><img decoding=\"async\" class=\"alignnone size-medium wp-image-3447\" src=\"https:\/\/coachingtosuccess.si\/wp-content\/uploads\/2023\/11\/Kazalo-1-Navdihni-me-okt-dec-2023-232x300.jpg\" alt=\"\" width=\"232\" height=\"300\" srcset=\"https:\/\/coachingtosuccess.si\/wp-content\/uploads\/2023\/11\/Kazalo-1-Navdihni-me-okt-dec-2023-232x300.jpg 232w, https:\/\/coachingtosuccess.si\/wp-content\/uploads\/2023\/11\/Kazalo-1-Navdihni-me-okt-dec-2023-791x1024.jpg 791w, https:\/\/coachingtosuccess.si\/wp-content\/uploads\/2023\/11\/Kazalo-1-Navdihni-me-okt-dec-2023-768x994.jpg 768w, https:\/\/coachingtosuccess.si\/wp-content\/uploads\/2023\/11\/Kazalo-1-Navdihni-me-okt-dec-2023-1187x1536.jpg 1187w, https:\/\/coachingtosuccess.si\/wp-content\/uploads\/2023\/11\/Kazalo-1-Navdihni-me-okt-dec-2023-600x777.jpg 600w, https:\/\/coachingtosuccess.si\/wp-content\/uploads\/2023\/11\/Kazalo-1-Navdihni-me-okt-dec-2023.jpg 1545w\" sizes=\"(max-width: 232px) 100vw, 232px\" \/> <img decoding=\"async\" class=\"alignnone size-medium wp-image-3449\" src=\"https:\/\/coachingtosuccess.si\/wp-content\/uploads\/2023\/11\/Kazalo-2-Navdihni-me-okt-dec-2023-232x300.jpg\" alt=\"\" width=\"232\" height=\"300\" srcset=\"https:\/\/coachingtosuccess.si\/wp-content\/uploads\/2023\/11\/Kazalo-2-Navdihni-me-okt-dec-2023-232x300.jpg 232w, https:\/\/coachingtosuccess.si\/wp-content\/uploads\/2023\/11\/Kazalo-2-Navdihni-me-okt-dec-2023-791x1024.jpg 791w, https:\/\/coachingtosuccess.si\/wp-content\/uploads\/2023\/11\/Kazalo-2-Navdihni-me-okt-dec-2023-768x994.jpg 768w, https:\/\/coachingtosuccess.si\/wp-content\/uploads\/2023\/11\/Kazalo-2-Navdihni-me-okt-dec-2023-1187x1536.jpg 1187w, https:\/\/coachingtosuccess.si\/wp-content\/uploads\/2023\/11\/Kazalo-2-Navdihni-me-okt-dec-2023-600x777.jpg 600w, https:\/\/coachingtosuccess.si\/wp-content\/uploads\/2023\/11\/Kazalo-2-Navdihni-me-okt-dec-2023.jpg 1545w\" sizes=\"(max-width: 232px) 100vw, 232px\" \/><\/p>\n<p>&nbsp;<\/p>\n","protected":false},"excerpt":{"rendered":"<h3>V oktobrsko-decembrski \u0161tevilki revije <a href=\"https:\/\/navdihni.me\" target=\"_blank\" rel=\"noopener\">Navdihni me<\/a> v letu 2023 predstavljamo nove navdihujo\u010de zgodbe &#8211; Angelina, Uro\u0161, Anton in mnogi drugi.<\/h3>\n<p>Revija je dimenzij: 216 x 280 mm, papir brezlesni. Platnice 300 g, notranji listi 140g. Revijo prejmete po pla\u010dilu na svoj naslov.<\/p>\n<h3>\u010cudovito darilo, polno navdiha &lt;3.<\/h3>\n<p>Izdaja: <a href=\"https:\/\/insights.si\" target=\"_blank\" rel=\"noopener\">Insights<\/a>, dru\u017eba za odkrivanje in razvoj potencialov d.o.o.<\/p>\n","protected":false},"featured_media":3451,"comment_status":"open","ping_status":"closed","template":"","meta":{"site-sidebar-layout":"default","site-content-layout":"default","ast-site-content-layout":"default","site-content-style":"default","site-sidebar-style":"default","ast-global-header-display":"","ast-banner-title-visibility":"","ast-main-header-display":"","ast-hfb-above-header-display":"","ast-hfb-below-header-display":"","ast-hfb-mobile-header-display":"","site-post-title":"","ast-breadcrumbs-content":"","ast-featured-img":"","footer-sml-layout":"","ast-disable-related-posts":"","theme-transparent-header-meta":"default","adv-header-id-meta":"","stick-header-meta":"default","header-above-stick-meta":"","header-main-stick-meta":"","header-below-stick-meta":"","astra-migrate-meta-layouts":"set","ast-page-background-enabled":"default","ast-page-background-meta":{"desktop":{"background-color":"","background-image":"","background-repeat":"repeat","background-position":"center center","background-size":"auto","background-attachment":"scroll","background-type":"","background-media":"","overlay-type":"","overlay-color":"","overlay-opacity":"","overlay-gradient":""},"tablet":{"background-color":"","background-image":"","background-repeat":"repeat","background-position":"center center","background-size":"auto","background-attachment":"scroll","background-type":"","background-media":"","overlay-type":"","overlay-color":"","overlay-opacity":"","overlay-gradient":""},"mobile":{"background-color":"","background-image":"","background-repeat":"repeat","background-position":"center center","background-size":"auto","background-attachment":"scroll","background-type":"","background-media":"","overlay-type":"","overlay-color":"","overlay-opacity":"","overlay-gradient":""}},"ast-content-background-meta":{"desktop":{"background-color":"var(--ast-global-color-5)","background-image":"","background-repeat":"repeat","background-position":"center center","background-size":"auto","background-attachment":"scroll","background-type":"","background-media":"","overlay-type":"","overlay-color":"","overlay-opacity":"","overlay-gradient":""},"tablet":{"background-color":"var(--ast-global-color-5)","background-image":"","background-repeat":"repeat","background-position":"center center","background-size":"auto","background-attachment":"scroll","background-type":"","background-media":"","overlay-type":"","overlay-color":"","overlay-opacity":"","overlay-gradient":""},"mobile":{"background-color":"var(--ast-global-color-5)","background-image":"","background-repeat":"repeat","background-position":"center center","background-size":"auto","background-attachment":"scroll","background-type":"","background-media":"","overlay-type":"","overlay-color":"","overlay-opacity":"","overlay-gradient":""}}},"product_brand":[],"product_cat":[21],"product_tag":[],"class_list":{"0":"post-3446","1":"product","2":"type-product","3":"status-publish","4":"has-post-thumbnail","6":"product_cat-navdihni-me","7":"desktop-align-left","8":"tablet-align-left","9":"mobile-align-left","10":"ast-product-gallery-layout-horizontal-slider","11":"ast-product-gallery-with-no-image","12":"ast-product-tabs-layout-horizontal","14":"first","15":"instock","16":"taxable","17":"shipping-taxable","18":"purchasable","19":"product-type-simple"},"_links":{"self":[{"href":"https:\/\/coachingtosuccess.si\/en\/wp-json\/wp\/v2\/product\/3446","targetHints":{"allow":["GET"]}}],"collection":[{"href":"https:\/\/coachingtosuccess.si\/en\/wp-json\/wp\/v2\/product"}],"about":[{"href":"https:\/\/coachingtosuccess.si\/en\/wp-json\/wp\/v2\/types\/product"}],"replies":[{"embeddable":true,"href":"https:\/\/coachingtosuccess.si\/en\/wp-json\/wp\/v2\/comments?post=3446"}],"wp:featuredmedia":[{"embeddable":true,"href":"https:\/\/coachingtosuccess.si\/en\/wp-json\/wp\/v2\/media\/3451"}],"wp:attachment":[{"href":"https:\/\/coachingtosuccess.si\/en\/wp-json\/wp\/v2\/media?parent=3446"}],"wp:term":[{"taxonomy":"product_brand","embeddable":true,"href":"https:\/\/coachingtosuccess.si\/en\/wp-json\/wp\/v2\/product_brand?post=3446"},{"taxonomy":"product_cat","embeddable":true,"href":"https:\/\/coachingtosuccess.si\/en\/wp-json\/wp\/v2\/product_cat?post=3446"},{"taxonomy":"product_tag","embeddable":true,"href":"https:\/\/coachingtosuccess.si\/en\/wp-json\/wp\/v2\/product_tag?post=3446"}],"curies":[{"name":"wp","href":"https:\/\/api.w.org\/{rel}","templated":true}]}}