{"id":3437,"date":"2023-11-09T06:20:43","date_gmt":"2023-11-09T05:20:43","guid":{"rendered":"https:\/\/coachingtosuccess.si\/?post_type=product&#038;p=3437"},"modified":"2025-05-13T17:35:49","modified_gmt":"2025-05-13T15:35:49","slug":"rokovnik-2024","status":"publish","type":"product","link":"https:\/\/coachingtosuccess.si\/en\/izdelek\/rokovnik-2024\/","title":{"rendered":"Rokovnik 2024"},"content":{"rendered":"<p><img fetchpriority=\"high\" decoding=\"async\" class=\"size-medium wp-image-3444 alignleft\" src=\"https:\/\/coachingtosuccess.si\/wp-content\/uploads\/2023\/11\/Rokovnik-Uvidi-modrosti-2024-naslovnica-209x300.png\" alt=\"\" width=\"209\" height=\"300\" srcset=\"https:\/\/coachingtosuccess.si\/wp-content\/uploads\/2023\/11\/Rokovnik-Uvidi-modrosti-2024-naslovnica-209x300.png 209w, https:\/\/coachingtosuccess.si\/wp-content\/uploads\/2023\/11\/Rokovnik-Uvidi-modrosti-2024-naslovnica-712x1024.png 712w, https:\/\/coachingtosuccess.si\/wp-content\/uploads\/2023\/11\/Rokovnik-Uvidi-modrosti-2024-naslovnica-768x1104.png 768w, https:\/\/coachingtosuccess.si\/wp-content\/uploads\/2023\/11\/Rokovnik-Uvidi-modrosti-2024-naslovnica-1068x1536.png 1068w, https:\/\/coachingtosuccess.si\/wp-content\/uploads\/2023\/11\/Rokovnik-Uvidi-modrosti-2024-naslovnica-600x863.png 600w, https:\/\/coachingtosuccess.si\/wp-content\/uploads\/2023\/11\/Rokovnik-Uvidi-modrosti-2024-naslovnica.png 1391w\" sizes=\"(max-width: 209px) 100vw, 209px\" \/><\/p>\n<p><img decoding=\"async\" class=\"size-medium wp-image-3440 alignleft\" src=\"https:\/\/coachingtosuccess.si\/wp-content\/uploads\/2023\/11\/Rokovnik-Uvidi-modrosti-2024-maj-1-209x300.png\" alt=\"\" width=\"209\" height=\"300\" srcset=\"https:\/\/coachingtosuccess.si\/wp-content\/uploads\/2023\/11\/Rokovnik-Uvidi-modrosti-2024-maj-1-209x300.png 209w, https:\/\/coachingtosuccess.si\/wp-content\/uploads\/2023\/11\/Rokovnik-Uvidi-modrosti-2024-maj-1-712x1024.png 712w, https:\/\/coachingtosuccess.si\/wp-content\/uploads\/2023\/11\/Rokovnik-Uvidi-modrosti-2024-maj-1-768x1104.png 768w, https:\/\/coachingtosuccess.si\/wp-content\/uploads\/2023\/11\/Rokovnik-Uvidi-modrosti-2024-maj-1-1068x1536.png 1068w, https:\/\/coachingtosuccess.si\/wp-content\/uploads\/2023\/11\/Rokovnik-Uvidi-modrosti-2024-maj-1-600x863.png 600w, https:\/\/coachingtosuccess.si\/wp-content\/uploads\/2023\/11\/Rokovnik-Uvidi-modrosti-2024-maj-1.png 1391w\" sizes=\"(max-width: 209px) 100vw, 209px\" \/>Rokovnik 2024 <em><strong>Uvidi modrosti &#8211; rokovnik, ki z radovednim veseljem pomaga do sr\u010dnega \u017eivljenja<\/strong> <\/em>je unikatni izdelek, ki vklju\u010duje ideje in predloge za va\u0161e bolj\u0161e \u017eivljenje in osebno rast. Prav je, da za\u010dnete na\u010drtovati tudi \u010das in prijetne stvari zase &lt;3.<\/p>\n<p>Oblikovala ga je Gaja Pikapolonica Cvikl Postru\u017enik, pretanjena mlada oblikovalka, \u0161tudentka uporabne psihologije. Za celoten rokovnik smo izbrali barvo, ki po vedenju <strong>fraktalnega risanja najbolje podpira vse nas v 2024,<\/strong> ki \u017eivimo v Sloveniji &#8211;\u00a0 ne\u017eno roza barvo. Kombinirali smo jo z ne\u017eno zlato in svetlo rjavo, ki \u0161e dodatno podpreta na\u0161a prizadevanja. Gaja Pikapolonica je za vsak mesec<strong> izbrala barvo<\/strong>, <strong>ki podpira lastno energijo tega meseca.<\/strong> Pri tem smo se naslonili na Steinerjevo filozofijo (poznate jo verjetno pod waldorsfki pristop k \u017eivljenju).<\/p>\n<p>\u017de v \u010dasu nastanka smo ga <strong>podprli z energijo reiki in z energijo run obilja, zdravja in sre\u010de.<\/strong> Danaja Postru\u017enik, bakalavrea psihoterapije Siegmund Freud univerze na Dunaju, ki dela magisterij in specializacijo iz jungovske psihoterapije, je skrbno pregledala celotni spletni portal <a href=\"https:\/\/navdihni.me\/\" target=\"_blank\" rel=\"noopener\">Navdihni me<\/a> in <strong>izbrala citate, ki najbolje podpirajo vsak posamezni mesec: skozi svoje sporo\u010dilo, z energijo, podporo in navdihom.<\/strong> Za vas smo v rokovnik vklju\u010dili kar <strong>30 citatov<\/strong> ljudi, ki so nas s svojimi zgodbami spremljali na portalu in v reviji Navdihni me. Verjamemo, da vas bodo v trenutkih, ko se ne po\u010dutimo &#8220;zmagovalno&#8221; (<em>kaj je \u017ee to?<\/em>) in ki jih vsi do\u017eivljamo, dvignili, vam dali mo\u010d in pogum.<\/p>\n<h5>Veliko \u010dasa smo posvetili zasnovi in elementom rokovnika.<\/h5>\n<p>Dodali smo <strong>24 coaching orodij<\/strong> (ker je prav leto 20<strong>24<\/strong>), s katerimi bomo <strong>odstirali razli\u010dne mo\u017enosti preoblikovanja navad, vzorcev, postavljanja ciljev, izra\u017eanja hvale\u017enosti &#8230;<\/strong> Ob tem pa bomo vsem naro\u010dnicam in naro\u010dnikom omogo\u010dili <strong>brezpla\u010den <\/strong>dostop <strong>do e u\u010dilnice, kjer bomo vsak mesec objavili posnetek<\/strong> <a href=\"https:\/\/navdihni.me\/natalie-c-postruznik\/\" target=\"_blank\" rel=\"noopener\">mag. Natalie Cvikl Postru\u017enik,<\/a> certificiranje coachinje, train the trainer, strateginje DOTR, vi\u0161je predavateljice &#8230; &#8211; da vas podpremo pri va\u0161ih prizadevanjih in z ljube\u010do skrbjo pomagamo tam, kjer se morebiti zatakne.<img decoding=\"async\" class=\"size-medium wp-image-2507 alignright\" src=\"https:\/\/coachingtosuccess.si\/wp-content\/uploads\/2022\/11\/Mesecni-koledarcek-na-vsaki-strani-300x162.png\" alt=\"\" width=\"300\" height=\"162\" srcset=\"https:\/\/coachingtosuccess.si\/wp-content\/uploads\/2022\/11\/Mesecni-koledarcek-na-vsaki-strani-300x162.png 300w, https:\/\/coachingtosuccess.si\/wp-content\/uploads\/2022\/11\/Mesecni-koledarcek-na-vsaki-strani-768x414.png 768w, https:\/\/coachingtosuccess.si\/wp-content\/uploads\/2022\/11\/Mesecni-koledarcek-na-vsaki-strani-600x324.png 600w, https:\/\/coachingtosuccess.si\/wp-content\/uploads\/2022\/11\/Mesecni-koledarcek-na-vsaki-strani.png 936w\" sizes=\"(max-width: 300px) 100vw, 300px\" \/><\/p>\n<p>Vsak mesec za\u010dnemo z mese\u010dnim pregledom in prostorom za lastne zapiske &#8211; naj nas pospremijo v nova do\u017eivetja, do\u017eivljanja in ob\u010dutenja.<\/p>\n<p>154 strani na 100g brezlesnem papirju je li\u010dno povezanih s \u0161piralo in trdnimi platnicami. Vsak teden se razteza \u010dez dve strani. Dnevi, tedni, okvir\u010dki v rokovniku so <strong>oblikovani tako, da omogo\u010dajo dovolj prostora<\/strong> za zapis vseh sestankov, sre\u010danj in drugih obveznosti; rokovnik pa vklju\u010duje dovolj \u0161irine, da lahko vanj <strong>vnesemo lastne misli, do\u017eivetja in ob\u010dutenja. Seveda ima vsak teden mese\u010dni koledar\u010dek in zapisano \u0161tevilko tedna. <\/strong>Dodali smo slovenske praznike in jih na koledarju tudi ozna\u010dili. Ob koncu leta se bomo zazrli \u0161e v leto 2025 &#8230; in krog bo sklenjen.<\/p>\n<p>Velikost: 16&#215;23 cm (centimer smo dodali a5 velikosti &#8211; gre lepo v torbico in je \u0161e vedno dovolj prostoren).<\/p>\n<p>Rokovnik 2024 <em><strong>Uvidi modrosti &#8211; rokovnik, ki z radovednim veseljem pomaga do sr\u010dnega \u017eivljenja<\/strong> &#8211; sr\u010dno verjamemo, da tudi va\u0161ega. Prvim 20 kupcem podarimo knjigo <a href=\"https:\/\/coachingtosuccess.si\/izdelek\/otroski-zepni-vodnik-okrog-sveta-knjiga-za-sanjace-za-katere-je-svet-ocean-priloznosti\/\" target=\"_blank\" rel=\"noopener\">Otro\u0161ki vodnik okoli sveta<\/a>, prav tako v vrednosti 28 evrov.\u00a0\u00a0<\/em><strong>Vrednost celotnega paketa &#8211; e podpore in rokovnika &#8211; je 288 evrov. Va\u0161a investicija zna\u0161a: 45 EUR.<br \/>\n<\/strong><\/p>\n<p><strong>\u0160e en bonus:<\/strong><\/p>\n<p>Ob tem, da prejmete <a href=\"https:\/\/coachingtohappiness.si\/courses\/uvidi-modrosti-rokovnik\/\" target=\"_blank\" rel=\"noopener\"><strong>brezpla\u010den dostop do e u\u010dilnice<\/strong><\/a> <em>Uvidi modrosti 2023 <\/em>in s tem 12 video podpor skozi vse leto 2023, prvi kupci pa \u0161e brezpla\u010den izvod <strong>knjige Otro\u0161ki vodnik<\/strong>, vam posvetimo \u0161e darilo &#8211; <strong>ko kupite 5 rokovnikov, vam 6 podarimo brezpla\u010dno.<\/strong><\/p>\n<div>\n<h5><strong>Prednaro\u010dilo do 1. decembra 2023:<br \/>\n<\/strong><\/h5>\n<ul>\n<li><strong> za obstoje\u010de LASTNIKE rokovnika <em>Uvidi modrosti 2023<\/em> cena le 33 eur (vnesite posebno kodo, ki ste jo prejeli 9. novembra po e po\u0161ti)<br \/>\n<\/strong><\/li>\n<li><strong>za nove lastnike rokovnika Uvidi modrosti 2024 SAMO 39 eur.<\/strong><\/li>\n<\/ul>\n<\/div>\n<p>Izdaja: <a href=\"https:\/\/insights.si\/\" target=\"_blank\" rel=\"noopener\">Insights, dru\u017eba za odkrivanje in razvoj potencialov<\/a>. Vse pravice pridr\u017eane.<\/p>\n<p>&nbsp;<\/p>\n","protected":false},"excerpt":{"rendered":"<h2>Rokovnik 2024 <em><strong>Uvidi modrosti &#8211; rokovnik, ki z radovednim veseljem pomaga do sr\u010dnega \u017eivljenja <\/strong><\/em> je unikatni izdelek, podprt z reiki in energijo run ter barvami vsakega meseca, ki vklju\u010duje ideje in predloge za va\u0161e bolj\u0161e \u017eivljenje in osebno rast.<\/h2>\n<p><strong>16x23cm<\/strong>, <strong>154 strani<\/strong>, \u0161piralna povezava, <strong>platnice z zavihki, 30 citatov, 24 coaching orodij<\/strong> in mnogo prostora za vse drobne in lepe obveznosti, do\u017eivetja, izkustva. <strong>Vsak mesec e-podpora v spletni u\u010dilnici<\/strong>. Vrednost celotnega paketa \u2013 e podpore in rokovnika \u2013 je <strong>288 evrov + DDV. Va\u0161a investicija <strong> zna\u0161a: 45,00 EUR.<\/strong><\/strong><\/p>\n<h4>PREDNARO\u010cILA DO 1. DECEMBRA: za obstoje\u010de kupce: 33 EUR <strong>(vnesite posebno kodo, ki ste jo prejeli 9. novembra po e po\u0161ti)<\/strong>, za nove kupce: 39 EUR<\/h4>\n","protected":false},"featured_media":3444,"comment_status":"open","ping_status":"closed","template":"","meta":{"site-sidebar-layout":"default","site-content-layout":"default","ast-site-content-layout":"default","site-content-style":"default","site-sidebar-style":"default","ast-global-header-display":"","ast-banner-title-visibility":"","ast-main-header-display":"","ast-hfb-above-header-display":"","ast-hfb-below-header-display":"","ast-hfb-mobile-header-display":"","site-post-title":"","ast-breadcrumbs-content":"","ast-featured-img":"","footer-sml-layout":"","ast-disable-related-posts":"","theme-transparent-header-meta":"default","adv-header-id-meta":"","stick-header-meta":"default","header-above-stick-meta":"","header-main-stick-meta":"","header-below-stick-meta":"","astra-migrate-meta-layouts":"set","ast-page-background-enabled":"default","ast-page-background-meta":{"desktop":{"background-color":"","background-image":"","background-repeat":"repeat","background-position":"center center","background-size":"auto","background-attachment":"scroll","background-type":"","background-media":"","overlay-type":"","overlay-color":"","overlay-opacity":"","overlay-gradient":""},"tablet":{"background-color":"","background-image":"","background-repeat":"repeat","background-position":"center center","background-size":"auto","background-attachment":"scroll","background-type":"","background-media":"","overlay-type":"","overlay-color":"","overlay-opacity":"","overlay-gradient":""},"mobile":{"background-color":"","background-image":"","background-repeat":"repeat","background-position":"center center","background-size":"auto","background-attachment":"scroll","background-type":"","background-media":"","overlay-type":"","overlay-color":"","overlay-opacity":"","overlay-gradient":""}},"ast-content-background-meta":{"desktop":{"background-color":"var(--ast-global-color-5)","background-image":"","background-repeat":"repeat","background-position":"center center","background-size":"auto","background-attachment":"scroll","background-type":"","background-media":"","overlay-type":"","overlay-color":"","overlay-opacity":"","overlay-gradient":""},"tablet":{"background-color":"var(--ast-global-color-5)","background-image":"","background-repeat":"repeat","background-position":"center center","background-size":"auto","background-attachment":"scroll","background-type":"","background-media":"","overlay-type":"","overlay-color":"","overlay-opacity":"","overlay-gradient":""},"mobile":{"background-color":"var(--ast-global-color-5)","background-image":"","background-repeat":"repeat","background-position":"center center","background-size":"auto","background-attachment":"scroll","background-type":"","background-media":"","overlay-type":"","overlay-color":"","overlay-opacity":"","overlay-gradient":""}}},"product_brand":[],"product_cat":[24],"product_tag":[86,67,66,63,46,65,61,64],"class_list":{"0":"post-3437","1":"product","2":"type-product","3":"status-publish","4":"has-post-thumbnail","6":"product_cat-drobne-pozornosti","7":"product_tag-86","8":"product_tag-cilji","9":"product_tag-coaching","10":"product_tag-energijska-podpora","11":"product_tag-insights-d-o-o","12":"product_tag-reiki","13":"product_tag-rokovnik","14":"product_tag-rune","15":"desktop-align-left","16":"tablet-align-left","17":"mobile-align-left","18":"ast-product-gallery-layout-horizontal-slider","19":"ast-product-gallery-with-no-image","20":"ast-product-tabs-layout-horizontal","22":"first","23":"instock","24":"featured","25":"taxable","26":"shipping-taxable","27":"purchasable","28":"product-type-simple"},"_links":{"self":[{"href":"https:\/\/coachingtosuccess.si\/en\/wp-json\/wp\/v2\/product\/3437","targetHints":{"allow":["GET"]}}],"collection":[{"href":"https:\/\/coachingtosuccess.si\/en\/wp-json\/wp\/v2\/product"}],"about":[{"href":"https:\/\/coachingtosuccess.si\/en\/wp-json\/wp\/v2\/types\/product"}],"replies":[{"embeddable":true,"href":"https:\/\/coachingtosuccess.si\/en\/wp-json\/wp\/v2\/comments?post=3437"}],"wp:featuredmedia":[{"embeddable":true,"href":"https:\/\/coachingtosuccess.si\/en\/wp-json\/wp\/v2\/media\/3444"}],"wp:attachment":[{"href":"https:\/\/coachingtosuccess.si\/en\/wp-json\/wp\/v2\/media?parent=3437"}],"wp:term":[{"taxonomy":"product_brand","embeddable":true,"href":"https:\/\/coachingtosuccess.si\/en\/wp-json\/wp\/v2\/product_brand?post=3437"},{"taxonomy":"product_cat","embeddable":true,"href":"https:\/\/coachingtosuccess.si\/en\/wp-json\/wp\/v2\/product_cat?post=3437"},{"taxonomy":"product_tag","embeddable":true,"href":"https:\/\/coachingtosuccess.si\/en\/wp-json\/wp\/v2\/product_tag?post=3437"}],"curies":[{"name":"wp","href":"https:\/\/api.w.org\/{rel}","templated":true}]}}