{"id":3400,"date":"2023-08-31T11:51:31","date_gmt":"2023-08-31T09:51:31","guid":{"rendered":"https:\/\/coachingtosuccess.si\/?post_type=product&#038;p=3400"},"modified":"2023-08-31T11:56:05","modified_gmt":"2023-08-31T09:56:05","slug":"e-revija-navdihni-me-julij-september-2023","status":"publish","type":"product","link":"https:\/\/coachingtosuccess.si\/en\/izdelek\/e-revija-navdihni-me-julij-september-2023\/","title":{"rendered":"E revija Navdihni.me julij &#8211; september 2023"},"content":{"rendered":"<p>Pred nami je ponovno zbir navdihujo\u010dih zgodb. Sr\u010dno nas veseli, da smo s to \u0161tevilko stopili v sedmo leto izhajanja in da ste nas sprejeli za svoje. Vse najbolj\u0161e, ekipa!<\/p>\n<p>V tej \u0161tevilki predstavljamo nove zgodbe. Naro\u010dite revijo in jo prejmite na svoj naslov. Obseg: 88 strani. Revija je dimenzij: 216 x 280 mm, papir brezlesni. Platnice 300 g, notranji listi 140g.<b class=\"\">Ines \u0106eman, Rok Kralj, Anita Hrast, Nata\u0161a Grah in Kornelija Pahor, Martina Piska\u010d, Mojca Stegovec, Ana Petri\u010d, pater Karel Gr\u017ean, Andreja \u0160irca \u010campa, Suzana Drole, Mateja Greifoner, Ema Meden, Sanda Jerman, Tatjana Kolenc, Violeta Bulc, Aleksandra in Alenka, Anton Krepek, An\u017ee Rozman, Eva \u017dunec, Novak \u0110okovi\u0107<\/b> &#8230; prina\u0161ajo svoje uvide, navdihe, spodbudo &#8230;<\/p>\n<p><img fetchpriority=\"high\" decoding=\"async\" class=\"alignnone size-medium wp-image-3401\" src=\"https:\/\/coachingtosuccess.si\/wp-content\/uploads\/2023\/08\/Navdihni-me-jul-sept-2023-naslovnica--232x300.jpg\" alt=\"\" width=\"232\" height=\"300\" srcset=\"https:\/\/coachingtosuccess.si\/wp-content\/uploads\/2023\/08\/Navdihni-me-jul-sept-2023-naslovnica--232x300.jpg 232w, https:\/\/coachingtosuccess.si\/wp-content\/uploads\/2023\/08\/Navdihni-me-jul-sept-2023-naslovnica--791x1024.jpg 791w, https:\/\/coachingtosuccess.si\/wp-content\/uploads\/2023\/08\/Navdihni-me-jul-sept-2023-naslovnica--768x994.jpg 768w, https:\/\/coachingtosuccess.si\/wp-content\/uploads\/2023\/08\/Navdihni-me-jul-sept-2023-naslovnica--1187x1536.jpg 1187w, https:\/\/coachingtosuccess.si\/wp-content\/uploads\/2023\/08\/Navdihni-me-jul-sept-2023-naslovnica--600x777.jpg 600w, https:\/\/coachingtosuccess.si\/wp-content\/uploads\/2023\/08\/Navdihni-me-jul-sept-2023-naslovnica-.jpg 1545w\" sizes=\"(max-width: 232px) 100vw, 232px\" \/><\/p>\n<p>&nbsp;<\/p>\n<p>&nbsp;<\/p>\n","protected":false},"excerpt":{"rendered":"<p>V julijsko-septembrski \u0161tevilki revije Navdihni me v letu 2023 (letnik izdajanja 7) predstavljamo nove navdihujo\u010de zgodbe. Revijo prejmete po pla\u010dilu v pdf formatu na svoj e naslov. \u010cudovito darilo, polno navdiha &lt;3.<\/p>\n","protected":false},"featured_media":3401,"comment_status":"open","ping_status":"closed","template":"","meta":{"site-sidebar-layout":"default","site-content-layout":"default","ast-site-content-layout":"default","site-content-style":"default","site-sidebar-style":"default","ast-global-header-display":"","ast-banner-title-visibility":"","ast-main-header-display":"","ast-hfb-above-header-display":"","ast-hfb-below-header-display":"","ast-hfb-mobile-header-display":"","site-post-title":"","ast-breadcrumbs-content":"","ast-featured-img":"","footer-sml-layout":"","ast-disable-related-posts":"","theme-transparent-header-meta":"default","adv-header-id-meta":"","stick-header-meta":"default","header-above-stick-meta":"","header-main-stick-meta":"","header-below-stick-meta":"","astra-migrate-meta-layouts":"set","ast-page-background-enabled":"default","ast-page-background-meta":{"desktop":{"background-color":"","background-image":"","background-repeat":"repeat","background-position":"center center","background-size":"auto","background-attachment":"scroll","background-type":"","background-media":"","overlay-type":"","overlay-color":"","overlay-opacity":"","overlay-gradient":""},"tablet":{"background-color":"","background-image":"","background-repeat":"repeat","background-position":"center center","background-size":"auto","background-attachment":"scroll","background-type":"","background-media":"","overlay-type":"","overlay-color":"","overlay-opacity":"","overlay-gradient":""},"mobile":{"background-color":"","background-image":"","background-repeat":"repeat","background-position":"center center","background-size":"auto","background-attachment":"scroll","background-type":"","background-media":"","overlay-type":"","overlay-color":"","overlay-opacity":"","overlay-gradient":""}},"ast-content-background-meta":{"desktop":{"background-color":"var(--ast-global-color-5)","background-image":"","background-repeat":"repeat","background-position":"center center","background-size":"auto","background-attachment":"scroll","background-type":"","background-media":"","overlay-type":"","overlay-color":"","overlay-opacity":"","overlay-gradient":""},"tablet":{"background-color":"var(--ast-global-color-5)","background-image":"","background-repeat":"repeat","background-position":"center center","background-size":"auto","background-attachment":"scroll","background-type":"","background-media":"","overlay-type":"","overlay-color":"","overlay-opacity":"","overlay-gradient":""},"mobile":{"background-color":"var(--ast-global-color-5)","background-image":"","background-repeat":"repeat","background-position":"center center","background-size":"auto","background-attachment":"scroll","background-type":"","background-media":"","overlay-type":"","overlay-color":"","overlay-opacity":"","overlay-gradient":""}}},"product_brand":[],"product_cat":[21],"product_tag":[],"class_list":{"0":"post-3400","1":"product","2":"type-product","3":"status-publish","4":"has-post-thumbnail","6":"product_cat-navdihni-me","7":"desktop-align-left","8":"tablet-align-left","9":"mobile-align-left","10":"ast-product-gallery-layout-horizontal-slider","11":"ast-product-gallery-with-no-image","12":"ast-product-tabs-layout-horizontal","14":"first","15":"instock","16":"virtual","17":"taxable","18":"purchasable","19":"product-type-simple"},"_links":{"self":[{"href":"https:\/\/coachingtosuccess.si\/en\/wp-json\/wp\/v2\/product\/3400","targetHints":{"allow":["GET"]}}],"collection":[{"href":"https:\/\/coachingtosuccess.si\/en\/wp-json\/wp\/v2\/product"}],"about":[{"href":"https:\/\/coachingtosuccess.si\/en\/wp-json\/wp\/v2\/types\/product"}],"replies":[{"embeddable":true,"href":"https:\/\/coachingtosuccess.si\/en\/wp-json\/wp\/v2\/comments?post=3400"}],"wp:featuredmedia":[{"embeddable":true,"href":"https:\/\/coachingtosuccess.si\/en\/wp-json\/wp\/v2\/media\/3401"}],"wp:attachment":[{"href":"https:\/\/coachingtosuccess.si\/en\/wp-json\/wp\/v2\/media?parent=3400"}],"wp:term":[{"taxonomy":"product_brand","embeddable":true,"href":"https:\/\/coachingtosuccess.si\/en\/wp-json\/wp\/v2\/product_brand?post=3400"},{"taxonomy":"product_cat","embeddable":true,"href":"https:\/\/coachingtosuccess.si\/en\/wp-json\/wp\/v2\/product_cat?post=3400"},{"taxonomy":"product_tag","embeddable":true,"href":"https:\/\/coachingtosuccess.si\/en\/wp-json\/wp\/v2\/product_tag?post=3400"}],"curies":[{"name":"wp","href":"https:\/\/api.w.org\/{rel}","templated":true}]}}