{"id":3286,"date":"2023-08-01T10:12:28","date_gmt":"2023-08-01T08:12:28","guid":{"rendered":"https:\/\/coachingtosuccess.si\/?post_type=product&#038;p=3286"},"modified":"2024-01-01T00:01:33","modified_gmt":"2023-12-31T23:01:33","slug":"366-misli-navdihni-me-tiskana-razlicica","status":"publish","type":"product","link":"https:\/\/coachingtosuccess.si\/en\/izdelek\/366-misli-navdihni-me-tiskana-razlicica\/","title":{"rendered":"366 misli Navdihni me tiskana razli\u010dica"},"content":{"rendered":"<p>V \u017eivljenju v\u010dasih potrebujemo kak\u0161en uvid, kak\u0161en navdih ali enostavno kak\u0161en stavek, ki nas &#8220;dvigne&#8221;. V tej zbirki najdete navdihujo\u010de misli in afirmacije, ki smo jih zbrali v zadnjih letih skozi prispevke v reviji Navdihni me. Najmo\u010dnej\u0161e in najlep\u0161e misli za vsak dan v letu. Tudi za leto, ki je prestopno! V novembru in decembru 2023 posebna akcija: <strong>za tiskano razli\u010dico le 36,66 eur<\/strong> (DDV vklju\u010den). Redna cena: 42,66 eur (DDV vklju\u010den).<\/p>\n<p>Akcijska akcija: <strong>le 36,66 eur<\/strong> (DDV vklju\u010den). Zbirka je dimenzij 10&#215;10, z eko tr\u0161im papirjem v obliki kartic. Darilo: ob nakupu ob akcijski ceni prejmete \u0161e en izvod knji\u017eice v e obliki! Skupna vrednost 42,66 eur + 18,66 eur 61,32 EUR za <strong>le 36,66 EUR (in vse leto &lt;3).<\/strong><\/p>\n<p>&nbsp;<\/p>\n","protected":false},"excerpt":{"rendered":"<p>366 navdihujo\u010dih misli &#8211; za vsak dan v letu, tudi na prestopno leto. Izberite si svojo vsak dan! Novembrsko-decembrska akcija: <strong>le 36,66 eur<\/strong> (DDV vklju\u010den). Zbirka je dimenzij 10&#215;10, z eko tr\u0161im papirjem v obliki posameznih kartic. Darilo: ob nakupu ob akcijski ceni prejmete \u0161e en izvod knji\u017eice v e obliki! Skupna vrednost 42,66 eur + 18,66 eur 61,32 EUR za <strong>le 36,66 EUR (in vse leto &lt;3).<\/strong><\/p>\n","protected":false},"featured_media":3285,"comment_status":"closed","ping_status":"closed","template":"","meta":{"site-sidebar-layout":"default","site-content-layout":"default","ast-site-content-layout":"default","site-content-style":"default","site-sidebar-style":"default","ast-global-header-display":"","ast-banner-title-visibility":"","ast-main-header-display":"","ast-hfb-above-header-display":"","ast-hfb-below-header-display":"","ast-hfb-mobile-header-display":"","site-post-title":"","ast-breadcrumbs-content":"","ast-featured-img":"","footer-sml-layout":"","ast-disable-related-posts":"","theme-transparent-header-meta":"default","adv-header-id-meta":"","stick-header-meta":"default","header-above-stick-meta":"","header-main-stick-meta":"","header-below-stick-meta":"","astra-migrate-meta-layouts":"set","ast-page-background-enabled":"default","ast-page-background-meta":{"desktop":{"background-color":"","background-image":"","background-repeat":"repeat","background-position":"center center","background-size":"auto","background-attachment":"scroll","background-type":"","background-media":"","overlay-type":"","overlay-color":"","overlay-opacity":"","overlay-gradient":""},"tablet":{"background-color":"","background-image":"","background-repeat":"repeat","background-position":"center center","background-size":"auto","background-attachment":"scroll","background-type":"","background-media":"","overlay-type":"","overlay-color":"","overlay-opacity":"","overlay-gradient":""},"mobile":{"background-color":"","background-image":"","background-repeat":"repeat","background-position":"center center","background-size":"auto","background-attachment":"scroll","background-type":"","background-media":"","overlay-type":"","overlay-color":"","overlay-opacity":"","overlay-gradient":""}},"ast-content-background-meta":{"desktop":{"background-color":"var(--ast-global-color-5)","background-image":"","background-repeat":"repeat","background-position":"center center","background-size":"auto","background-attachment":"scroll","background-type":"","background-media":"","overlay-type":"","overlay-color":"","overlay-opacity":"","overlay-gradient":""},"tablet":{"background-color":"var(--ast-global-color-5)","background-image":"","background-repeat":"repeat","background-position":"center center","background-size":"auto","background-attachment":"scroll","background-type":"","background-media":"","overlay-type":"","overlay-color":"","overlay-opacity":"","overlay-gradient":""},"mobile":{"background-color":"var(--ast-global-color-5)","background-image":"","background-repeat":"repeat","background-position":"center center","background-size":"auto","background-attachment":"scroll","background-type":"","background-media":"","overlay-type":"","overlay-color":"","overlay-opacity":"","overlay-gradient":""}}},"product_brand":[],"product_cat":[24,22],"product_tag":[],"class_list":{"0":"post-3286","1":"product","2":"type-product","3":"status-publish","4":"has-post-thumbnail","6":"product_cat-drobne-pozornosti","7":"product_cat-knjige","8":"desktop-align-left","9":"tablet-align-left","10":"mobile-align-left","11":"ast-product-gallery-layout-horizontal-slider","12":"ast-product-gallery-with-no-image","13":"ast-product-tabs-layout-horizontal","15":"first","16":"instock","17":"taxable","18":"shipping-taxable","19":"purchasable","20":"product-type-simple"},"_links":{"self":[{"href":"https:\/\/coachingtosuccess.si\/en\/wp-json\/wp\/v2\/product\/3286","targetHints":{"allow":["GET"]}}],"collection":[{"href":"https:\/\/coachingtosuccess.si\/en\/wp-json\/wp\/v2\/product"}],"about":[{"href":"https:\/\/coachingtosuccess.si\/en\/wp-json\/wp\/v2\/types\/product"}],"replies":[{"embeddable":true,"href":"https:\/\/coachingtosuccess.si\/en\/wp-json\/wp\/v2\/comments?post=3286"}],"wp:featuredmedia":[{"embeddable":true,"href":"https:\/\/coachingtosuccess.si\/en\/wp-json\/wp\/v2\/media\/3285"}],"wp:attachment":[{"href":"https:\/\/coachingtosuccess.si\/en\/wp-json\/wp\/v2\/media?parent=3286"}],"wp:term":[{"taxonomy":"product_brand","embeddable":true,"href":"https:\/\/coachingtosuccess.si\/en\/wp-json\/wp\/v2\/product_brand?post=3286"},{"taxonomy":"product_cat","embeddable":true,"href":"https:\/\/coachingtosuccess.si\/en\/wp-json\/wp\/v2\/product_cat?post=3286"},{"taxonomy":"product_tag","embeddable":true,"href":"https:\/\/coachingtosuccess.si\/en\/wp-json\/wp\/v2\/product_tag?post=3286"}],"curies":[{"name":"wp","href":"https:\/\/api.w.org\/{rel}","templated":true}]}}