{"id":3206,"date":"2023-06-12T10:48:33","date_gmt":"2023-06-12T08:48:33","guid":{"rendered":"https:\/\/coachingtosuccess.si\/?post_type=product&#038;p=3206"},"modified":"2025-09-21T19:27:00","modified_gmt":"2025-09-21T17:27:00","slug":"tiskana-revija-navdihni-me-maj-junij-2023","status":"publish","type":"product","link":"https:\/\/coachingtosuccess.si\/en\/izdelek\/tiskana-revija-navdihni-me-maj-junij-2023\/","title":{"rendered":"Tiskana revija Navdihni.me maj junij 2023"},"content":{"rendered":"<p>Pred nami je ponovno zbir navdihujo\u010dih zgodb. Sr\u010dno nas veseli, da smo s to \u0161tevilko stopili v sedmo leto izhajanja in da ste nas sprejeli za svoje. Vse najbolj\u0161e, ekipa!<\/p>\n<p>V tej \u0161tevilki predstavljamo nove zgodbe. Naro\u010dite revijo in jo prejmite na svoj naslov. Obseg: 78 strani. Revija je dimenzij: 216 x 280 mm, papir brezlesni. Platnice 300 g, notranji listi 140g.<\/p>\n<p><img fetchpriority=\"high\" decoding=\"async\" class=\"alignnone size-medium wp-image-3207\" src=\"https:\/\/coachingtosuccess.si\/wp-content\/uploads\/2023\/06\/1-232x300.jpg\" alt=\"\" width=\"232\" height=\"300\" srcset=\"https:\/\/coachingtosuccess.si\/wp-content\/uploads\/2023\/06\/1-232x300.jpg 232w, https:\/\/coachingtosuccess.si\/wp-content\/uploads\/2023\/06\/1-791x1024.jpg 791w, https:\/\/coachingtosuccess.si\/wp-content\/uploads\/2023\/06\/1-768x994.jpg 768w, https:\/\/coachingtosuccess.si\/wp-content\/uploads\/2023\/06\/1-1187x1536.jpg 1187w, https:\/\/coachingtosuccess.si\/wp-content\/uploads\/2023\/06\/1-600x777.jpg 600w, https:\/\/coachingtosuccess.si\/wp-content\/uploads\/2023\/06\/1.jpg 1545w\" sizes=\"(max-width: 232px) 100vw, 232px\" \/> <img decoding=\"async\" class=\"alignnone size-medium wp-image-3208\" src=\"https:\/\/coachingtosuccess.si\/wp-content\/uploads\/2023\/06\/3-232x300.jpg\" alt=\"\" width=\"232\" height=\"300\" srcset=\"https:\/\/coachingtosuccess.si\/wp-content\/uploads\/2023\/06\/3-232x300.jpg 232w, https:\/\/coachingtosuccess.si\/wp-content\/uploads\/2023\/06\/3-791x1024.jpg 791w, https:\/\/coachingtosuccess.si\/wp-content\/uploads\/2023\/06\/3-768x994.jpg 768w, https:\/\/coachingtosuccess.si\/wp-content\/uploads\/2023\/06\/3-1187x1536.jpg 1187w, https:\/\/coachingtosuccess.si\/wp-content\/uploads\/2023\/06\/3-600x777.jpg 600w, https:\/\/coachingtosuccess.si\/wp-content\/uploads\/2023\/06\/3.jpg 1545w\" sizes=\"(max-width: 232px) 100vw, 232px\" \/> <img decoding=\"async\" class=\"alignnone size-medium wp-image-3209\" src=\"https:\/\/coachingtosuccess.si\/wp-content\/uploads\/2023\/06\/4-232x300.jpg\" alt=\"\" width=\"232\" height=\"300\" srcset=\"https:\/\/coachingtosuccess.si\/wp-content\/uploads\/2023\/06\/4-232x300.jpg 232w, https:\/\/coachingtosuccess.si\/wp-content\/uploads\/2023\/06\/4-791x1024.jpg 791w, https:\/\/coachingtosuccess.si\/wp-content\/uploads\/2023\/06\/4-768x994.jpg 768w, https:\/\/coachingtosuccess.si\/wp-content\/uploads\/2023\/06\/4-1187x1536.jpg 1187w, https:\/\/coachingtosuccess.si\/wp-content\/uploads\/2023\/06\/4-600x777.jpg 600w, https:\/\/coachingtosuccess.si\/wp-content\/uploads\/2023\/06\/4.jpg 1545w\" sizes=\"(max-width: 232px) 100vw, 232px\" \/> <img loading=\"lazy\" decoding=\"async\" class=\"alignnone size-medium wp-image-3210\" src=\"https:\/\/coachingtosuccess.si\/wp-content\/uploads\/2023\/06\/5-232x300.jpg\" alt=\"\" width=\"232\" height=\"300\" srcset=\"https:\/\/coachingtosuccess.si\/wp-content\/uploads\/2023\/06\/5-232x300.jpg 232w, https:\/\/coachingtosuccess.si\/wp-content\/uploads\/2023\/06\/5-791x1024.jpg 791w, https:\/\/coachingtosuccess.si\/wp-content\/uploads\/2023\/06\/5-768x994.jpg 768w, https:\/\/coachingtosuccess.si\/wp-content\/uploads\/2023\/06\/5-1187x1536.jpg 1187w, https:\/\/coachingtosuccess.si\/wp-content\/uploads\/2023\/06\/5-600x777.jpg 600w, https:\/\/coachingtosuccess.si\/wp-content\/uploads\/2023\/06\/5.jpg 1545w\" sizes=\"(max-width: 232px) 100vw, 232px\" \/><\/p>\n<p>&nbsp;<\/p>\n","protected":false},"excerpt":{"rendered":"<p>V majsko-junijski \u0161tevilki revije Navdihni me v letu 2023 (letnik izdajanja 7) predstavljamo nove navdihujo\u010de zgodbe. Revija je dimenzij: 216 x 280 mm, papir brezlesni. Platnice 300 g, notranji listi 140g. Revijo prejmete po pla\u010dilu na svoj naslov. \u010cudovito darilo, polno navdiha &lt;3.<\/p>\n","protected":false},"featured_media":3207,"comment_status":"open","ping_status":"closed","template":"","meta":{"site-sidebar-layout":"default","site-content-layout":"default","ast-site-content-layout":"default","site-content-style":"default","site-sidebar-style":"default","ast-global-header-display":"","ast-banner-title-visibility":"","ast-main-header-display":"","ast-hfb-above-header-display":"","ast-hfb-below-header-display":"","ast-hfb-mobile-header-display":"","site-post-title":"","ast-breadcrumbs-content":"","ast-featured-img":"","footer-sml-layout":"","ast-disable-related-posts":"","theme-transparent-header-meta":"default","adv-header-id-meta":"","stick-header-meta":"default","header-above-stick-meta":"","header-main-stick-meta":"","header-below-stick-meta":"","astra-migrate-meta-layouts":"default","ast-page-background-enabled":"default","ast-page-background-meta":{"desktop":{"background-color":"","background-image":"","background-repeat":"repeat","background-position":"center center","background-size":"auto","background-attachment":"scroll","background-type":"","background-media":"","overlay-type":"","overlay-color":"","overlay-opacity":"","overlay-gradient":""},"tablet":{"background-color":"","background-image":"","background-repeat":"repeat","background-position":"center center","background-size":"auto","background-attachment":"scroll","background-type":"","background-media":"","overlay-type":"","overlay-color":"","overlay-opacity":"","overlay-gradient":""},"mobile":{"background-color":"","background-image":"","background-repeat":"repeat","background-position":"center center","background-size":"auto","background-attachment":"scroll","background-type":"","background-media":"","overlay-type":"","overlay-color":"","overlay-opacity":"","overlay-gradient":""}},"ast-content-background-meta":{"desktop":{"background-color":"var(--ast-global-color-5)","background-image":"","background-repeat":"repeat","background-position":"center center","background-size":"auto","background-attachment":"scroll","background-type":"","background-media":"","overlay-type":"","overlay-color":"","overlay-opacity":"","overlay-gradient":""},"tablet":{"background-color":"var(--ast-global-color-5)","background-image":"","background-repeat":"repeat","background-position":"center center","background-size":"auto","background-attachment":"scroll","background-type":"","background-media":"","overlay-type":"","overlay-color":"","overlay-opacity":"","overlay-gradient":""},"mobile":{"background-color":"var(--ast-global-color-5)","background-image":"","background-repeat":"repeat","background-position":"center center","background-size":"auto","background-attachment":"scroll","background-type":"","background-media":"","overlay-type":"","overlay-color":"","overlay-opacity":"","overlay-gradient":""}}},"product_brand":[],"product_cat":[21],"product_tag":[],"class_list":{"0":"post-3206","1":"product","2":"type-product","3":"status-publish","4":"has-post-thumbnail","6":"product_cat-navdihni-me","7":"desktop-align-left","8":"tablet-align-left","9":"mobile-align-left","10":"ast-product-gallery-layout-horizontal-slider","11":"ast-product-gallery-with-no-image","12":"ast-product-tabs-layout-horizontal","14":"first","15":"outofstock","16":"taxable","17":"shipping-taxable","18":"purchasable","19":"product-type-simple"},"_links":{"self":[{"href":"https:\/\/coachingtosuccess.si\/en\/wp-json\/wp\/v2\/product\/3206","targetHints":{"allow":["GET"]}}],"collection":[{"href":"https:\/\/coachingtosuccess.si\/en\/wp-json\/wp\/v2\/product"}],"about":[{"href":"https:\/\/coachingtosuccess.si\/en\/wp-json\/wp\/v2\/types\/product"}],"replies":[{"embeddable":true,"href":"https:\/\/coachingtosuccess.si\/en\/wp-json\/wp\/v2\/comments?post=3206"}],"wp:featuredmedia":[{"embeddable":true,"href":"https:\/\/coachingtosuccess.si\/en\/wp-json\/wp\/v2\/media\/3207"}],"wp:attachment":[{"href":"https:\/\/coachingtosuccess.si\/en\/wp-json\/wp\/v2\/media?parent=3206"}],"wp:term":[{"taxonomy":"product_brand","embeddable":true,"href":"https:\/\/coachingtosuccess.si\/en\/wp-json\/wp\/v2\/product_brand?post=3206"},{"taxonomy":"product_cat","embeddable":true,"href":"https:\/\/coachingtosuccess.si\/en\/wp-json\/wp\/v2\/product_cat?post=3206"},{"taxonomy":"product_tag","embeddable":true,"href":"https:\/\/coachingtosuccess.si\/en\/wp-json\/wp\/v2\/product_tag?post=3206"}],"curies":[{"name":"wp","href":"https:\/\/api.w.org\/{rel}","templated":true}]}}