{"id":3194,"date":"2023-03-08T20:41:12","date_gmt":"2023-03-08T19:41:12","guid":{"rendered":"https:\/\/coachingtosuccess.si\/?post_type=product&#038;p=3194"},"modified":"2023-03-27T20:47:05","modified_gmt":"2023-03-27T18:47:05","slug":"e-revija-navdihni-me-st-3-2023","status":"publish","type":"product","link":"https:\/\/coachingtosuccess.si\/en\/izdelek\/e-revija-navdihni-me-st-3-2023\/","title":{"rendered":"E revija Navdihni.me \u0161t. 3, 2023"},"content":{"rendered":"<p class=\"_04xlpA direction-ltr align-start para-style-body\"><span class=\"S1PPyQ\">Kaj vse se dogaja marca &#8230; \u017denijo se pti\u010dki, praznujemo dan \u017eena, pomladno enakono\u010dje, za\u010detek pomladi, materinski dan in \u0161e moj rojstni dan. <\/span><span class=\"S1PPyQ\">O\u010ditno vsak mesec najdemo veliko razlogov, da se veselimo in praznujemo, kajne? <\/span><span class=\"S1PPyQ\">Praznujemo pa tudi vse navdihujo\u010de zgodbe, ki jih delite z nami. Tak\u0161ne, ki ganejo, tak\u0161ne, ki odprejo du\u0161o, tak\u0161ne, ki nas spodbudijo k premisleku, in tak\u0161ne, ki nas spodbudijo k dejanjem.<\/span><\/p>\n<p>Zgodbe smo sre\u010devali pri <a href=\"https:\/\/insights.si\" target=\"_blank\" rel=\"noopener\">svojem delu<\/a> in so nas navdu\u0161ile in navdu\u0161evale. Tako \u017ee \u0161esto leto objavljamo zgodbe in sre\u010dujemo izjemne ljudi.<\/p>\n<p>V tej \u0161tevilki predstavljamo nove zgodbe. Naro\u010dite revijo in jo prejmite na svoj e naslov. Obseg: 54 strani.<\/p>\n<p><img fetchpriority=\"high\" decoding=\"async\" class=\"alignnone size-medium wp-image-3195\" src=\"https:\/\/coachingtosuccess.si\/wp-content\/uploads\/2023\/03\/1-232x300.png\" alt=\"\" width=\"232\" height=\"300\" srcset=\"https:\/\/coachingtosuccess.si\/wp-content\/uploads\/2023\/03\/1-232x300.png 232w, https:\/\/coachingtosuccess.si\/wp-content\/uploads\/2023\/03\/1-791x1024.png 791w, https:\/\/coachingtosuccess.si\/wp-content\/uploads\/2023\/03\/1-768x994.png 768w, https:\/\/coachingtosuccess.si\/wp-content\/uploads\/2023\/03\/1-1187x1536.png 1187w, https:\/\/coachingtosuccess.si\/wp-content\/uploads\/2023\/03\/1-600x777.png 600w, https:\/\/coachingtosuccess.si\/wp-content\/uploads\/2023\/03\/1.png 1545w\" sizes=\"(max-width: 232px) 100vw, 232px\" \/> <img decoding=\"async\" class=\"alignnone size-medium wp-image-3196\" src=\"https:\/\/coachingtosuccess.si\/wp-content\/uploads\/2023\/03\/4-232x300.png\" alt=\"\" width=\"232\" height=\"300\" srcset=\"https:\/\/coachingtosuccess.si\/wp-content\/uploads\/2023\/03\/4-232x300.png 232w, https:\/\/coachingtosuccess.si\/wp-content\/uploads\/2023\/03\/4-791x1024.png 791w, https:\/\/coachingtosuccess.si\/wp-content\/uploads\/2023\/03\/4-768x994.png 768w, https:\/\/coachingtosuccess.si\/wp-content\/uploads\/2023\/03\/4-1187x1536.png 1187w, https:\/\/coachingtosuccess.si\/wp-content\/uploads\/2023\/03\/4-600x777.png 600w, https:\/\/coachingtosuccess.si\/wp-content\/uploads\/2023\/03\/4.png 1545w\" sizes=\"(max-width: 232px) 100vw, 232px\" \/> <img decoding=\"async\" class=\"alignnone size-medium wp-image-3197\" src=\"https:\/\/coachingtosuccess.si\/wp-content\/uploads\/2023\/03\/5-232x300.png\" alt=\"\" width=\"232\" height=\"300\" srcset=\"https:\/\/coachingtosuccess.si\/wp-content\/uploads\/2023\/03\/5-232x300.png 232w, https:\/\/coachingtosuccess.si\/wp-content\/uploads\/2023\/03\/5-791x1024.png 791w, https:\/\/coachingtosuccess.si\/wp-content\/uploads\/2023\/03\/5-768x994.png 768w, https:\/\/coachingtosuccess.si\/wp-content\/uploads\/2023\/03\/5-1187x1536.png 1187w, https:\/\/coachingtosuccess.si\/wp-content\/uploads\/2023\/03\/5-600x777.png 600w, https:\/\/coachingtosuccess.si\/wp-content\/uploads\/2023\/03\/5.png 1545w\" sizes=\"(max-width: 232px) 100vw, 232px\" \/><\/p>\n","protected":false},"excerpt":{"rendered":"<p>V tretji \u0161tevilki revije Navdihni me v letu 2023 (letnik izdajanja 6) predstavljamo nove navdihujo\u010de zgodbe. Revijo prejmete po pla\u010dilu v pdf formatu na svoj e naslov. \u010cudovito darilo, polno navdiha &lt;3.<\/p>\n","protected":false},"featured_media":3195,"comment_status":"open","ping_status":"closed","template":"","meta":{"site-sidebar-layout":"default","site-content-layout":"default","ast-site-content-layout":"default","site-content-style":"default","site-sidebar-style":"default","ast-global-header-display":"","ast-banner-title-visibility":"","ast-main-header-display":"","ast-hfb-above-header-display":"","ast-hfb-below-header-display":"","ast-hfb-mobile-header-display":"","site-post-title":"","ast-breadcrumbs-content":"","ast-featured-img":"","footer-sml-layout":"","ast-disable-related-posts":"","theme-transparent-header-meta":"default","adv-header-id-meta":"","stick-header-meta":"default","header-above-stick-meta":"","header-main-stick-meta":"","header-below-stick-meta":"","astra-migrate-meta-layouts":"default","ast-page-background-enabled":"default","ast-page-background-meta":{"desktop":{"background-color":"","background-image":"","background-repeat":"repeat","background-position":"center center","background-size":"auto","background-attachment":"scroll","background-type":"","background-media":"","overlay-type":"","overlay-color":"","overlay-opacity":"","overlay-gradient":""},"tablet":{"background-color":"","background-image":"","background-repeat":"repeat","background-position":"center center","background-size":"auto","background-attachment":"scroll","background-type":"","background-media":"","overlay-type":"","overlay-color":"","overlay-opacity":"","overlay-gradient":""},"mobile":{"background-color":"","background-image":"","background-repeat":"repeat","background-position":"center center","background-size":"auto","background-attachment":"scroll","background-type":"","background-media":"","overlay-type":"","overlay-color":"","overlay-opacity":"","overlay-gradient":""}},"ast-content-background-meta":{"desktop":{"background-color":"var(--ast-global-color-5)","background-image":"","background-repeat":"repeat","background-position":"center center","background-size":"auto","background-attachment":"scroll","background-type":"","background-media":"","overlay-type":"","overlay-color":"","overlay-opacity":"","overlay-gradient":""},"tablet":{"background-color":"var(--ast-global-color-5)","background-image":"","background-repeat":"repeat","background-position":"center center","background-size":"auto","background-attachment":"scroll","background-type":"","background-media":"","overlay-type":"","overlay-color":"","overlay-opacity":"","overlay-gradient":""},"mobile":{"background-color":"var(--ast-global-color-5)","background-image":"","background-repeat":"repeat","background-position":"center center","background-size":"auto","background-attachment":"scroll","background-type":"","background-media":"","overlay-type":"","overlay-color":"","overlay-opacity":"","overlay-gradient":""}}},"product_brand":[],"product_cat":[21],"product_tag":[],"class_list":{"0":"post-3194","1":"product","2":"type-product","3":"status-publish","4":"has-post-thumbnail","6":"product_cat-navdihni-me","7":"desktop-align-left","8":"tablet-align-left","9":"mobile-align-left","10":"ast-product-gallery-layout-horizontal-slider","11":"ast-product-gallery-with-no-image","12":"ast-product-tabs-layout-horizontal","14":"first","15":"instock","16":"virtual","17":"taxable","18":"purchasable","19":"product-type-simple"},"_links":{"self":[{"href":"https:\/\/coachingtosuccess.si\/en\/wp-json\/wp\/v2\/product\/3194","targetHints":{"allow":["GET"]}}],"collection":[{"href":"https:\/\/coachingtosuccess.si\/en\/wp-json\/wp\/v2\/product"}],"about":[{"href":"https:\/\/coachingtosuccess.si\/en\/wp-json\/wp\/v2\/types\/product"}],"replies":[{"embeddable":true,"href":"https:\/\/coachingtosuccess.si\/en\/wp-json\/wp\/v2\/comments?post=3194"}],"wp:featuredmedia":[{"embeddable":true,"href":"https:\/\/coachingtosuccess.si\/en\/wp-json\/wp\/v2\/media\/3195"}],"wp:attachment":[{"href":"https:\/\/coachingtosuccess.si\/en\/wp-json\/wp\/v2\/media?parent=3194"}],"wp:term":[{"taxonomy":"product_brand","embeddable":true,"href":"https:\/\/coachingtosuccess.si\/en\/wp-json\/wp\/v2\/product_brand?post=3194"},{"taxonomy":"product_cat","embeddable":true,"href":"https:\/\/coachingtosuccess.si\/en\/wp-json\/wp\/v2\/product_cat?post=3194"},{"taxonomy":"product_tag","embeddable":true,"href":"https:\/\/coachingtosuccess.si\/en\/wp-json\/wp\/v2\/product_tag?post=3194"}],"curies":[{"name":"wp","href":"https:\/\/api.w.org\/{rel}","templated":true}]}}