{"id":3175,"date":"2023-02-18T18:43:51","date_gmt":"2023-02-18T17:43:51","guid":{"rendered":"https:\/\/coachingtosuccess.si\/?post_type=product&#038;p=3175"},"modified":"2025-05-13T17:36:19","modified_gmt":"2025-05-13T15:36:19","slug":"e-revija-navdihni-me-st-2-2023","status":"publish","type":"product","link":"https:\/\/coachingtosuccess.si\/en\/izdelek\/e-revija-navdihni-me-st-2-2023\/","title":{"rendered":"E revija Navdihni.me \u0161t. 2, 2023"},"content":{"rendered":"<p>Revijo Navdihni me smo za\u010deli izdajati 25. maja 2017 z \u017eeljo, javnosti omogo\u010diti dostop do zgodb navdihujo\u010dih posameznikov, posameznic in tudi razli\u010dnih organizacij. Zgodbe smo sre\u010devali pri <a href=\"https:\/\/insights.si\" target=\"_blank\" rel=\"noopener\">svojem delu<\/a> in so nas navdu\u0161ile in navdu\u0161evale. Tako \u017ee \u0161esto leto objavljamo zgodbe in sre\u010dujemo izjemne ljudi.<\/p>\n<p>V tej \u0161tevilki predstavljamo nove zgodbe. Naro\u010dite revijo in jo prejmite na svoj e naslov. Obseg: 52 strani.<\/p>\n<p><img fetchpriority=\"high\" decoding=\"async\" class=\"alignnone size-medium wp-image-3176\" src=\"https:\/\/coachingtosuccess.si\/wp-content\/uploads\/2023\/03\/Kazalo-februar-2023-02-01-232x300.jpg\" alt=\"\" width=\"232\" height=\"300\" srcset=\"https:\/\/coachingtosuccess.si\/wp-content\/uploads\/2023\/03\/Kazalo-februar-2023-02-01-232x300.jpg 232w, https:\/\/coachingtosuccess.si\/wp-content\/uploads\/2023\/03\/Kazalo-februar-2023-02-01-791x1024.jpg 791w, https:\/\/coachingtosuccess.si\/wp-content\/uploads\/2023\/03\/Kazalo-februar-2023-02-01-768x994.jpg 768w, https:\/\/coachingtosuccess.si\/wp-content\/uploads\/2023\/03\/Kazalo-februar-2023-02-01-600x777.jpg 600w, https:\/\/coachingtosuccess.si\/wp-content\/uploads\/2023\/03\/Kazalo-februar-2023-02-01.jpg 1159w\" sizes=\"(max-width: 232px) 100vw, 232px\" \/> <img decoding=\"async\" class=\"alignnone size-medium wp-image-3177\" src=\"https:\/\/coachingtosuccess.si\/wp-content\/uploads\/2023\/03\/Kazalo-februar-2023-02-02-232x300.jpg\" alt=\"\" width=\"232\" height=\"300\" srcset=\"https:\/\/coachingtosuccess.si\/wp-content\/uploads\/2023\/03\/Kazalo-februar-2023-02-02-232x300.jpg 232w, https:\/\/coachingtosuccess.si\/wp-content\/uploads\/2023\/03\/Kazalo-februar-2023-02-02-791x1024.jpg 791w, https:\/\/coachingtosuccess.si\/wp-content\/uploads\/2023\/03\/Kazalo-februar-2023-02-02-768x994.jpg 768w, https:\/\/coachingtosuccess.si\/wp-content\/uploads\/2023\/03\/Kazalo-februar-2023-02-02-600x777.jpg 600w, https:\/\/coachingtosuccess.si\/wp-content\/uploads\/2023\/03\/Kazalo-februar-2023-02-02.jpg 1159w\" sizes=\"(max-width: 232px) 100vw, 232px\" \/> <img decoding=\"async\" class=\"alignnone size-medium wp-image-3178\" src=\"https:\/\/coachingtosuccess.si\/wp-content\/uploads\/2023\/03\/Naslovnica-februar-2023-02-232x300.jpg\" alt=\"\" width=\"232\" height=\"300\" srcset=\"https:\/\/coachingtosuccess.si\/wp-content\/uploads\/2023\/03\/Naslovnica-februar-2023-02-232x300.jpg 232w, https:\/\/coachingtosuccess.si\/wp-content\/uploads\/2023\/03\/Naslovnica-februar-2023-02-791x1024.jpg 791w, https:\/\/coachingtosuccess.si\/wp-content\/uploads\/2023\/03\/Naslovnica-februar-2023-02-768x994.jpg 768w, https:\/\/coachingtosuccess.si\/wp-content\/uploads\/2023\/03\/Naslovnica-februar-2023-02-600x777.jpg 600w, https:\/\/coachingtosuccess.si\/wp-content\/uploads\/2023\/03\/Naslovnica-februar-2023-02.jpg 1159w\" sizes=\"(max-width: 232px) 100vw, 232px\" \/><\/p>\n","protected":false},"excerpt":{"rendered":"<p>V drugi \u0161tevilki revije Navdihni me v letu 2023 (letnik izdajanja 6) predstavljamo nove navdihujo\u010de zgodbe. Revijo prejmete po pla\u010dilu v pdf formatu na svoj e naslov. \u010cudovito darilo, polno navdiha &lt;3.<\/p>\n","protected":false},"featured_media":3178,"comment_status":"open","ping_status":"closed","template":"","meta":{"site-sidebar-layout":"default","site-content-layout":"default","ast-site-content-layout":"default","site-content-style":"default","site-sidebar-style":"default","ast-global-header-display":"","ast-banner-title-visibility":"","ast-main-header-display":"","ast-hfb-above-header-display":"","ast-hfb-below-header-display":"","ast-hfb-mobile-header-display":"","site-post-title":"","ast-breadcrumbs-content":"","ast-featured-img":"","footer-sml-layout":"","ast-disable-related-posts":"","theme-transparent-header-meta":"default","adv-header-id-meta":"","stick-header-meta":"default","header-above-stick-meta":"","header-main-stick-meta":"","header-below-stick-meta":"","astra-migrate-meta-layouts":"default","ast-page-background-enabled":"default","ast-page-background-meta":{"desktop":{"background-color":"","background-image":"","background-repeat":"repeat","background-position":"center center","background-size":"auto","background-attachment":"scroll","background-type":"","background-media":"","overlay-type":"","overlay-color":"","overlay-opacity":"","overlay-gradient":""},"tablet":{"background-color":"","background-image":"","background-repeat":"repeat","background-position":"center center","background-size":"auto","background-attachment":"scroll","background-type":"","background-media":"","overlay-type":"","overlay-color":"","overlay-opacity":"","overlay-gradient":""},"mobile":{"background-color":"","background-image":"","background-repeat":"repeat","background-position":"center center","background-size":"auto","background-attachment":"scroll","background-type":"","background-media":"","overlay-type":"","overlay-color":"","overlay-opacity":"","overlay-gradient":""}},"ast-content-background-meta":{"desktop":{"background-color":"var(--ast-global-color-5)","background-image":"","background-repeat":"repeat","background-position":"center center","background-size":"auto","background-attachment":"scroll","background-type":"","background-media":"","overlay-type":"","overlay-color":"","overlay-opacity":"","overlay-gradient":""},"tablet":{"background-color":"var(--ast-global-color-5)","background-image":"","background-repeat":"repeat","background-position":"center center","background-size":"auto","background-attachment":"scroll","background-type":"","background-media":"","overlay-type":"","overlay-color":"","overlay-opacity":"","overlay-gradient":""},"mobile":{"background-color":"var(--ast-global-color-5)","background-image":"","background-repeat":"repeat","background-position":"center center","background-size":"auto","background-attachment":"scroll","background-type":"","background-media":"","overlay-type":"","overlay-color":"","overlay-opacity":"","overlay-gradient":""}}},"product_brand":[],"product_cat":[21],"product_tag":[],"class_list":{"0":"post-3175","1":"product","2":"type-product","3":"status-publish","4":"has-post-thumbnail","6":"product_cat-navdihni-me","7":"desktop-align-left","8":"tablet-align-left","9":"mobile-align-left","10":"ast-product-gallery-layout-horizontal-slider","11":"ast-product-gallery-with-no-image","12":"ast-product-tabs-layout-horizontal","14":"first","15":"instock","16":"virtual","17":"taxable","18":"purchasable","19":"product-type-simple"},"_links":{"self":[{"href":"https:\/\/coachingtosuccess.si\/en\/wp-json\/wp\/v2\/product\/3175","targetHints":{"allow":["GET"]}}],"collection":[{"href":"https:\/\/coachingtosuccess.si\/en\/wp-json\/wp\/v2\/product"}],"about":[{"href":"https:\/\/coachingtosuccess.si\/en\/wp-json\/wp\/v2\/types\/product"}],"replies":[{"embeddable":true,"href":"https:\/\/coachingtosuccess.si\/en\/wp-json\/wp\/v2\/comments?post=3175"}],"wp:featuredmedia":[{"embeddable":true,"href":"https:\/\/coachingtosuccess.si\/en\/wp-json\/wp\/v2\/media\/3178"}],"wp:attachment":[{"href":"https:\/\/coachingtosuccess.si\/en\/wp-json\/wp\/v2\/media?parent=3175"}],"wp:term":[{"taxonomy":"product_brand","embeddable":true,"href":"https:\/\/coachingtosuccess.si\/en\/wp-json\/wp\/v2\/product_brand?post=3175"},{"taxonomy":"product_cat","embeddable":true,"href":"https:\/\/coachingtosuccess.si\/en\/wp-json\/wp\/v2\/product_cat?post=3175"},{"taxonomy":"product_tag","embeddable":true,"href":"https:\/\/coachingtosuccess.si\/en\/wp-json\/wp\/v2\/product_tag?post=3175"}],"curies":[{"name":"wp","href":"https:\/\/api.w.org\/{rel}","templated":true}]}}