{"id":3155,"date":"2023-01-19T06:01:35","date_gmt":"2023-01-19T05:01:35","guid":{"rendered":"https:\/\/coachingtosuccess.si\/?post_type=product&#038;p=3155"},"modified":"2023-01-19T06:25:35","modified_gmt":"2023-01-19T05:25:35","slug":"uvidi-modrosti-2023-e-usposabljanje","status":"publish","type":"product","link":"https:\/\/coachingtosuccess.si\/en\/izdelek\/uvidi-modrosti-2023-e-usposabljanje\/","title":{"rendered":"Uvidi modrosti 2023 e usposabljanje"},"content":{"rendered":"<div class=\"ld-tabs-content\">\n<div id=\"ld-tab-content-2910\" class=\"ld-tab-content ld-visible\" tabindex=\"0\" role=\"tabpanel\" aria-labelledby=\"content\">\n<p><strong class=\"\">V tej delavnici, ki traja skozi vse leto 2023 z 12 lekcijami (vsak mesec eno), bomo spoznali, kako lahko nov cikel \u017eivljenja do\u017eivimo v miru, usklajeni s sabo in z vizijo, ki se rojeva ali si jo postavljamo.\ufe0f\u00a0<\/strong><\/p>\n<p><em class=\"\"><strong class=\"\">\u201cZa razliko od instinkta, ki je jezik telesa (\u010dustva), je intuicija jezik na\u0161ega duhovnega vodstva (\u201cvi\u0161ji jaz\u201d). Intuicijo zaznamo kot glas, ki prihaja iz na\u0161ega notranjega sveta, da nam pomaga pri odlo\u010ditvah in nas usmeri na pravo pot, na kateri uresni\u010dujemo svoje sanje in poslanstvo.\u201d<\/strong><strong class=\"\">\u00a0\u2013 iz rokovnika\u00a0<a class=\"\" href=\"https:\/\/coachingtosuccess.si\/izdelek\/rokovnik-2023\/\" target=\"_blank\" rel=\"noreferrer noopener\">Uvidi modrosti, ki z radovednim veseljem pomaga do sr\u010dnega \u017eivljenja 2023<\/a>.<\/strong><\/em><\/p>\n<p>Delavnico vodita: <a href=\"https:\/\/coachingtosuccess.si\/natalie-cvikl-postruznik\/\" target=\"_blank\" rel=\"noreferrer noopener\"><strong>mag. Natalie Cvikl Postru\u017enik<\/strong>,<\/a> certificirana licencirana coachinja, train the trainer, z vrsto opravljenih certifikatov in dodatnih usposabljanj, predvsem pa sr\u010dno verjame v potenciale vsakega med nami in mo\u017enost na\u0161ega razvoja; in <strong><a href=\"https:\/\/coachingtosuccess.si\/danaja-postruznik\/\" target=\"_blank\" rel=\"noreferrer noopener\">Danaja Postru\u017enik<\/a><\/strong>, bakalavrea psihoterapije, vas bosta skozi skozi leto 2023 spremljali mese\u010dno z video posnetkom, delovnimi isti in povratnimi informacijami &#8211; &#8211; da vas podpremo pri va\u0161ih prizadevanjih in z ljube\u010do skrbjo pomagamo tam, kjer se morebiti zatakne.<\/p>\n<p>Podajte se na potovanje \u2013 Uvidi modrosti: z radovednim veseljem do sr\u010dnega \u017eivljenja.<\/p>\n<\/div>\n<\/div>\n<p>Izvajalec: <a href=\"https:\/\/insights.si\/\" target=\"_blank\" rel=\"noopener\">Insights, dru\u017eba za odkrivanje in razvoj potencialov<\/a>. Vse pravice pridr\u017eane.<\/p>\n<p><strong>Vrednost celotnega paketa &#8211; e podpore in orodij &#8211; je 288 evrov (+ DDV). <\/strong><\/p>\n","protected":false},"excerpt":{"rendered":"<p><strong><strong><strong class=\"\">V tej delavnici bomo spoznali, kako lahko nov cikel \u017eivljenja do\u017eivimo v miru, usklajeni s sabo in z vizijo, ki se rojeva ali si jo postavljamo.\ufe0f Skozi 12 video posnetkov, 12 coching orodij in povratnih informacij voditeljic: <a href=\"https:\/\/coachingtosuccess.si\/natalie-cvikl-postruznik\/\" target=\"_blank\" rel=\"noreferrer noopener\">mag. Natalie Cvikl Postru\u017enik,<\/a> certificirana licencirana coachinja, train the trainer, in <a href=\"https:\/\/coachingtosuccess.si\/danaja-postruznik\/\" target=\"_blank\" rel=\"noreferrer noopener\">Danaje Postru\u017enik<\/a>, bakalavrea psihoterapije.<\/strong><\/strong><\/strong> Investicija: 288 EUR + DDV.<strong><strong><br \/>\n<\/strong><\/strong><\/p>\n","protected":false},"featured_media":3156,"comment_status":"open","ping_status":"closed","template":"","meta":{"site-sidebar-layout":"default","site-content-layout":"default","ast-site-content-layout":"default","site-content-style":"default","site-sidebar-style":"default","ast-global-header-display":"","ast-banner-title-visibility":"","ast-main-header-display":"","ast-hfb-above-header-display":"","ast-hfb-below-header-display":"","ast-hfb-mobile-header-display":"","site-post-title":"","ast-breadcrumbs-content":"","ast-featured-img":"","footer-sml-layout":"","ast-disable-related-posts":"","theme-transparent-header-meta":"default","adv-header-id-meta":"","stick-header-meta":"default","header-above-stick-meta":"","header-main-stick-meta":"","header-below-stick-meta":"","astra-migrate-meta-layouts":"default","ast-page-background-enabled":"default","ast-page-background-meta":{"desktop":{"background-color":"","background-image":"","background-repeat":"repeat","background-position":"center center","background-size":"auto","background-attachment":"scroll","background-type":"","background-media":"","overlay-type":"","overlay-color":"","overlay-opacity":"","overlay-gradient":""},"tablet":{"background-color":"","background-image":"","background-repeat":"repeat","background-position":"center center","background-size":"auto","background-attachment":"scroll","background-type":"","background-media":"","overlay-type":"","overlay-color":"","overlay-opacity":"","overlay-gradient":""},"mobile":{"background-color":"","background-image":"","background-repeat":"repeat","background-position":"center center","background-size":"auto","background-attachment":"scroll","background-type":"","background-media":"","overlay-type":"","overlay-color":"","overlay-opacity":"","overlay-gradient":""}},"ast-content-background-meta":{"desktop":{"background-color":"var(--ast-global-color-5)","background-image":"","background-repeat":"repeat","background-position":"center center","background-size":"auto","background-attachment":"scroll","background-type":"","background-media":"","overlay-type":"","overlay-color":"","overlay-opacity":"","overlay-gradient":""},"tablet":{"background-color":"var(--ast-global-color-5)","background-image":"","background-repeat":"repeat","background-position":"center center","background-size":"auto","background-attachment":"scroll","background-type":"","background-media":"","overlay-type":"","overlay-color":"","overlay-opacity":"","overlay-gradient":""},"mobile":{"background-color":"var(--ast-global-color-5)","background-image":"","background-repeat":"repeat","background-position":"center center","background-size":"auto","background-attachment":"scroll","background-type":"","background-media":"","overlay-type":"","overlay-color":"","overlay-opacity":"","overlay-gradient":""}}},"product_brand":[],"product_cat":[20],"product_tag":[62,67,66,81,80,76,75,63,46,78,79,77,65,64],"class_list":{"0":"post-3155","1":"product","2":"type-product","3":"status-publish","4":"has-post-thumbnail","6":"product_cat-osebna-rast","7":"product_tag-62","8":"product_tag-cilji","9":"product_tag-coaching","10":"product_tag-coaching-orodja","11":"product_tag-danaja-postruznik","12":"product_tag-e-ucilnica","13":"product_tag-e-usposabljanje","14":"product_tag-energijska-podpora","15":"product_tag-insights-d-o-o","16":"product_tag-leto-2023","17":"product_tag-natalie-cvikl-postruznik","18":"product_tag-osebna-rast","19":"product_tag-reiki","20":"product_tag-rune","21":"desktop-align-left","22":"tablet-align-left","23":"mobile-align-left","24":"ast-product-gallery-layout-horizontal-slider","25":"ast-product-gallery-with-no-image","26":"ast-product-tabs-layout-horizontal","28":"first","29":"instock","30":"featured","31":"virtual","32":"taxable","33":"purchasable","34":"product-type-simple"},"_links":{"self":[{"href":"https:\/\/coachingtosuccess.si\/en\/wp-json\/wp\/v2\/product\/3155","targetHints":{"allow":["GET"]}}],"collection":[{"href":"https:\/\/coachingtosuccess.si\/en\/wp-json\/wp\/v2\/product"}],"about":[{"href":"https:\/\/coachingtosuccess.si\/en\/wp-json\/wp\/v2\/types\/product"}],"replies":[{"embeddable":true,"href":"https:\/\/coachingtosuccess.si\/en\/wp-json\/wp\/v2\/comments?post=3155"}],"wp:featuredmedia":[{"embeddable":true,"href":"https:\/\/coachingtosuccess.si\/en\/wp-json\/wp\/v2\/media\/3156"}],"wp:attachment":[{"href":"https:\/\/coachingtosuccess.si\/en\/wp-json\/wp\/v2\/media?parent=3155"}],"wp:term":[{"taxonomy":"product_brand","embeddable":true,"href":"https:\/\/coachingtosuccess.si\/en\/wp-json\/wp\/v2\/product_brand?post=3155"},{"taxonomy":"product_cat","embeddable":true,"href":"https:\/\/coachingtosuccess.si\/en\/wp-json\/wp\/v2\/product_cat?post=3155"},{"taxonomy":"product_tag","embeddable":true,"href":"https:\/\/coachingtosuccess.si\/en\/wp-json\/wp\/v2\/product_tag?post=3155"}],"curies":[{"name":"wp","href":"https:\/\/api.w.org\/{rel}","templated":true}]}}