{"id":2470,"date":"2022-09-22T14:23:51","date_gmt":"2022-09-22T12:23:51","guid":{"rendered":"https:\/\/coachingtosuccess.si\/?post_type=product&#038;p=2470"},"modified":"2023-10-24T11:20:24","modified_gmt":"2023-10-24T09:20:24","slug":"tiskana-revija-navdihni-me-st-7-2022","status":"publish","type":"product","link":"https:\/\/coachingtosuccess.si\/en\/izdelek\/tiskana-revija-navdihni-me-st-7-2022\/","title":{"rendered":"Tiskana revija Navdihni.me \u0161t. 7, 2022"},"content":{"rendered":"<p>Revijo Navdihni me smo za\u010deli izdajati 25. maja 2017 z \u017eeljo, javnosti omogo\u010diti dostop do zgodb navdihujo\u010dih posameznikov, posameznic in tudi razli\u010dnih organizacij. Zgodbe smo sre\u010devali pri <a href=\"https:\/\/insights.si\" target=\"_blank\" rel=\"noopener\">svojem delu<\/a> in so nas navdu\u0161ile in navdu\u0161evale. Tako \u017ee \u0161esto leto objavljamo zgodbe in sre\u010dujemo izjemne ljudi.<\/p>\n<p>V tej \u0161tevilki &#8211; julij 2022 &#8211; predstavljamo 21 novih zgodb. Zgodbe ljudi za ljudi, v katerih najdemo navdih za odlo\u010ditve in premike v lastnem \u017eivljenju:<\/p>\n<figure id=\"attachment_2471\" aria-describedby=\"caption-attachment-2471\" style=\"width: 231px\" class=\"wp-caption alignleft\"><img fetchpriority=\"high\" decoding=\"async\" class=\"size-medium wp-image-2471\" src=\"https:\/\/coachingtosuccess.si\/wp-content\/uploads\/2022\/09\/Kazalo-Navdihni-me-s\u030ct.-7-letnik-6-leto-2022-1-231x300.jpg\" alt=\"Kazalo Navdihni me, \u0161t. 7, letnik 6, leto 2022\" width=\"231\" height=\"300\" srcset=\"https:\/\/coachingtosuccess.si\/wp-content\/uploads\/2022\/09\/Kazalo-Navdihni-me-s\u030ct.-7-letnik-6-leto-2022-1-231x300.jpg 231w, https:\/\/coachingtosuccess.si\/wp-content\/uploads\/2022\/09\/Kazalo-Navdihni-me-s\u030ct.-7-letnik-6-leto-2022-1-790x1024.jpg 790w, https:\/\/coachingtosuccess.si\/wp-content\/uploads\/2022\/09\/Kazalo-Navdihni-me-s\u030ct.-7-letnik-6-leto-2022-1-768x996.jpg 768w, https:\/\/coachingtosuccess.si\/wp-content\/uploads\/2022\/09\/Kazalo-Navdihni-me-s\u030ct.-7-letnik-6-leto-2022-1-600x778.jpg 600w, https:\/\/coachingtosuccess.si\/wp-content\/uploads\/2022\/09\/Kazalo-Navdihni-me-s\u030ct.-7-letnik-6-leto-2022-1.jpg 850w\" sizes=\"(max-width: 231px) 100vw, 231px\" \/><figcaption id=\"caption-attachment-2471\" class=\"wp-caption-text\">Kazalo Navdihni me, \u0161t. 7, letnik 6, leto 2022<\/figcaption><\/figure>\n<p><img decoding=\"async\" class=\"alignnone size-medium wp-image-2472\" src=\"https:\/\/coachingtosuccess.si\/wp-content\/uploads\/2022\/09\/Kazalo-Navdihni-me-s\u030ct.-7-letnik-6-leto-2022-2-232x300.jpg\" alt=\"Kazalo Navdihni me, \u0161t. 7, letnik 6, leto 2022\" width=\"232\" height=\"300\" srcset=\"https:\/\/coachingtosuccess.si\/wp-content\/uploads\/2022\/09\/Kazalo-Navdihni-me-s\u030ct.-7-letnik-6-leto-2022-2-232x300.jpg 232w, https:\/\/coachingtosuccess.si\/wp-content\/uploads\/2022\/09\/Kazalo-Navdihni-me-s\u030ct.-7-letnik-6-leto-2022-2-600x777.jpg 600w, https:\/\/coachingtosuccess.si\/wp-content\/uploads\/2022\/09\/Kazalo-Navdihni-me-s\u030ct.-7-letnik-6-leto-2022-2.jpg 612w\" sizes=\"(max-width: 232px) 100vw, 232px\" \/><\/p>\n","protected":false},"excerpt":{"rendered":"<p>V osmi \u0161tevilki revije Navdihni me (letnik 6, julij 2022) predstavljamo novih 21 zgodb. Revija je dimenzij: 216 x 280 mm, papir brezlesni. Platnice 300 g, notranji listi 140g. \u010cudovito darilo, polno navdiha &lt;3<\/p>\n","protected":false},"featured_media":2473,"comment_status":"open","ping_status":"closed","template":"","meta":{"site-sidebar-layout":"default","site-content-layout":"default","ast-site-content-layout":"default","site-content-style":"default","site-sidebar-style":"default","ast-global-header-display":"","ast-banner-title-visibility":"","ast-main-header-display":"","ast-hfb-above-header-display":"","ast-hfb-below-header-display":"","ast-hfb-mobile-header-display":"","site-post-title":"","ast-breadcrumbs-content":"","ast-featured-img":"","footer-sml-layout":"","ast-disable-related-posts":"","theme-transparent-header-meta":"default","adv-header-id-meta":"","stick-header-meta":"default","header-above-stick-meta":"","header-main-stick-meta":"","header-below-stick-meta":"","astra-migrate-meta-layouts":"default","ast-page-background-enabled":"default","ast-page-background-meta":{"desktop":{"background-color":"","background-image":"","background-repeat":"repeat","background-position":"center center","background-size":"auto","background-attachment":"scroll","background-type":"","background-media":"","overlay-type":"","overlay-color":"","overlay-opacity":"","overlay-gradient":""},"tablet":{"background-color":"","background-image":"","background-repeat":"repeat","background-position":"center center","background-size":"auto","background-attachment":"scroll","background-type":"","background-media":"","overlay-type":"","overlay-color":"","overlay-opacity":"","overlay-gradient":""},"mobile":{"background-color":"","background-image":"","background-repeat":"repeat","background-position":"center center","background-size":"auto","background-attachment":"scroll","background-type":"","background-media":"","overlay-type":"","overlay-color":"","overlay-opacity":"","overlay-gradient":""}},"ast-content-background-meta":{"desktop":{"background-color":"var(--ast-global-color-5)","background-image":"","background-repeat":"repeat","background-position":"center center","background-size":"auto","background-attachment":"scroll","background-type":"","background-media":"","overlay-type":"","overlay-color":"","overlay-opacity":"","overlay-gradient":""},"tablet":{"background-color":"var(--ast-global-color-5)","background-image":"","background-repeat":"repeat","background-position":"center center","background-size":"auto","background-attachment":"scroll","background-type":"","background-media":"","overlay-type":"","overlay-color":"","overlay-opacity":"","overlay-gradient":""},"mobile":{"background-color":"var(--ast-global-color-5)","background-image":"","background-repeat":"repeat","background-position":"center center","background-size":"auto","background-attachment":"scroll","background-type":"","background-media":"","overlay-type":"","overlay-color":"","overlay-opacity":"","overlay-gradient":""}}},"product_brand":[],"product_cat":[21],"product_tag":[60,59,40,58,56,57,45],"class_list":{"0":"post-2470","1":"product","2":"type-product","3":"status-publish","4":"has-post-thumbnail","6":"product_cat-navdihni-me","7":"product_tag-inspiracija","8":"product_tag-navdih","9":"product_tag-navdihni-me","10":"product_tag-premiki","11":"product_tag-revija-navdihni-me","12":"product_tag-spremembe","13":"product_tag-zgodbe-ljudi-za-ljudi","14":"desktop-align-left","15":"tablet-align-left","16":"mobile-align-left","17":"ast-product-gallery-layout-horizontal-slider","18":"ast-product-gallery-with-no-image","19":"ast-product-tabs-layout-horizontal","21":"first","22":"outofstock","23":"taxable","24":"shipping-taxable","25":"purchasable","26":"product-type-simple"},"_links":{"self":[{"href":"https:\/\/coachingtosuccess.si\/en\/wp-json\/wp\/v2\/product\/2470","targetHints":{"allow":["GET"]}}],"collection":[{"href":"https:\/\/coachingtosuccess.si\/en\/wp-json\/wp\/v2\/product"}],"about":[{"href":"https:\/\/coachingtosuccess.si\/en\/wp-json\/wp\/v2\/types\/product"}],"replies":[{"embeddable":true,"href":"https:\/\/coachingtosuccess.si\/en\/wp-json\/wp\/v2\/comments?post=2470"}],"wp:featuredmedia":[{"embeddable":true,"href":"https:\/\/coachingtosuccess.si\/en\/wp-json\/wp\/v2\/media\/2473"}],"wp:attachment":[{"href":"https:\/\/coachingtosuccess.si\/en\/wp-json\/wp\/v2\/media?parent=2470"}],"wp:term":[{"taxonomy":"product_brand","embeddable":true,"href":"https:\/\/coachingtosuccess.si\/en\/wp-json\/wp\/v2\/product_brand?post=2470"},{"taxonomy":"product_cat","embeddable":true,"href":"https:\/\/coachingtosuccess.si\/en\/wp-json\/wp\/v2\/product_cat?post=2470"},{"taxonomy":"product_tag","embeddable":true,"href":"https:\/\/coachingtosuccess.si\/en\/wp-json\/wp\/v2\/product_tag?post=2470"}],"curies":[{"name":"wp","href":"https:\/\/api.w.org\/{rel}","templated":true}]}}